{"id":1869,"date":"2026-03-28T10:59:31","date_gmt":"2026-03-28T13:59:31","guid":{"rendered":"https:\/\/francanareal.com\/?page_id=1869"},"modified":"2026-04-03T15:13:26","modified_gmt":"2026-04-03T18:13:26","slug":"psicologia-na-real","status":"publish","type":"page","link":"https:\/\/francanareal.com\/index.php\/psicologia-na-real\/","title":{"rendered":"Psicologia na Real"},"content":{"rendered":"<div id=\"bsf_rt_marker\"><\/div>\t\t<div data-elementor-type=\"wp-page\" data-elementor-id=\"1869\" class=\"elementor elementor-1869\">\n\t\t\t\t\t\t<section class=\"elementor-section elementor-top-section elementor-element elementor-element-4bb73dc50 elementor-section-boxed elementor-section-height-default elementor-section-height-default wpr-particle-no wpr-jarallax-no wpr-parallax-no wpr-sticky-section-no\" data-id=\"4bb73dc50\" data-element_type=\"section\" data-e-type=\"section\">\n\t\t\t\t\t\t<div class=\"elementor-container elementor-column-gap-default\">\n\t\t\t\t\t<div class=\"elementor-column elementor-col-100 elementor-top-column elementor-element elementor-element-4adabf2a\" data-id=\"4adabf2a\" data-element_type=\"column\" data-e-type=\"column\">\n\t\t\t<div class=\"elementor-widget-wrap elementor-element-populated\">\n\t\t\t\t\t\t<div class=\"elementor-element elementor-element-4a6c2e0c wpr-grid-columns-1 wpr-grid-columns--tablet1 wpr-grid-columns--mobile1 wpr-grid-pagination-center wpr-item-styles-inner elementor-widget elementor-widget-wpr-grid\" data-id=\"4a6c2e0c\" data-element_type=\"widget\" data-e-type=\"widget\" data-widget_type=\"wpr-grid.default\">\n\t\t\t\t<div class=\"elementor-widget-container\">\n\t\t\t\t\t<ul class=\"wpr-grid-filters elementor-clearfix wpr-grid-filters-sep-right\"><li class=\" wpr-pointer-none wpr-pointer-line-fx wpr-pointer-fx-none\"><span  data-filter=\"*\" class=\"wpr-grid-filters-item wpr-active-filter \">All<\/span><em class=\"wpr-grid-filters-sep\"><\/em><\/li><li class=\" wpr-pointer-none wpr-pointer-line-fx wpr-pointer-fx-none\"><span   data-ajax-filter=[\"category\",\"psicologia-na-real\"]  data-filter=\".category-psicologia-na-real\">Psicologia na Real<\/span><em class=\"wpr-grid-filters-sep\"><\/em><\/li><\/ul><section class=\"wpr-grid elementor-clearfix\" data-settings=\"{&quot;layout&quot;:&quot;list&quot;,&quot;stick_last_element_to_bottom&quot;:&quot;no&quot;,&quot;columns_desktop&quot;:1,&quot;gutter_hr&quot;:15,&quot;gutter_hr_mobile&quot;:15,&quot;gutter_hr_mobile_extra&quot;:15,&quot;gutter_hr_tablet&quot;:15,&quot;gutter_hr_tablet_extra&quot;:15,&quot;gutter_hr_laptop&quot;:15,&quot;gutter_hr_widescreen&quot;:15,&quot;gutter_vr&quot;:50,&quot;gutter_vr_mobile&quot;:50,&quot;gutter_vr_mobile_extra&quot;:50,&quot;gutter_vr_tablet&quot;:50,&quot;gutter_vr_tablet_extra&quot;:50,&quot;gutter_vr_laptop&quot;:50,&quot;gutter_vr_widescreen&quot;:50,&quot;animation&quot;:&quot;default&quot;,&quot;animation_duration&quot;:0.3,&quot;animation_delay&quot;:0.1,&quot;deeplinking&quot;:&quot;&quot;,&quot;filters_linkable&quot;:&quot;no&quot;,&quot;filters_default_filter&quot;:&quot;&quot;,&quot;filters_count&quot;:&quot;&quot;,&quot;filters_hide_empty&quot;:&quot;yes&quot;,&quot;filters_animation&quot;:&quot;default&quot;,&quot;filters_animation_duration&quot;:0.3,&quot;filters_animation_delay&quot;:0.1,&quot;pagination_type&quot;:&quot;numbered&quot;,&quot;pagination_max_pages&quot;:1,&quot;media_align&quot;:&quot;left&quot;,&quot;media_width&quot;:25,&quot;media_distance&quot;:20,&quot;lightbox&quot;:{&quot;selector&quot;:&quot;.wpr-grid-image-wrap&quot;,&quot;iframeMaxWidth&quot;:&quot;60%&quot;,&quot;hash&quot;:false,&quot;autoplay&quot;:&quot;true&quot;,&quot;pause&quot;:5000,&quot;progressBar&quot;:&quot;true&quot;,&quot;counter&quot;:&quot;true&quot;,&quot;controls&quot;:&quot;true&quot;,&quot;getCaptionFromTitleOrAlt&quot;:&quot;true&quot;,&quot;thumbnail&quot;:&quot;&quot;,&quot;showThumbByDefault&quot;:&quot;&quot;,&quot;share&quot;:&quot;&quot;,&quot;zoom&quot;:&quot;true&quot;,&quot;fullScreen&quot;:&quot;true&quot;,&quot;download&quot;:&quot;true&quot;}}\" data-advanced-filters=\"no\"><article class=\"wpr-grid-item elementor-clearfix post-1905 post type-post status-publish format-standard hentry category-psicologia-na-real\"><div class=\"wpr-grid-item-inner\"><div class=\"wpr-grid-item-below-content elementor-clearfix\"><div class=\"wpr-grid-item-category elementor-repeater-item-7a9afee wpr-grid-item-display-block wpr-grid-item-align-left wpr-pointer-none wpr-pointer-line-fx wpr-pointer-fx-fade wpr-grid-tax-style-1\"><div class=\"inner-block\"><a class=\" wpr-tax-id-11\" href=\"https:\/\/francanareal.com\/index.php\/category\/psicologia-na-real\/\">Psicologia na Real<\/a><\/div><\/div><h2 class=\"wpr-grid-item-title elementor-repeater-item-2d29edf wpr-grid-item-display-block wpr-grid-item-align-left wpr-pointer-none wpr-pointer-line-fx wpr-pointer-fx-fade\"><div class=\"inner-block\"><a target=\"_self\"  href=\"https:\/\/francanareal.com\/index.php\/2026\/04\/03\/o-segredo-de-gostar\/\">O Segredo de Gostar: \u00c9 S\u00f3 Repetir\u00a0<\/a><\/div><\/h2><div class=\"wpr-grid-item-date elementor-repeater-item-589fcd9 wpr-grid-item-display-block wpr-grid-item-align-left\"><div class=\"inner-block\"><span>3 de abril de 2026<\/span><\/div><\/div><div class=\"wpr-grid-item-excerpt elementor-repeater-item-0025724 wpr-grid-item-display-block wpr-grid-item-align-left\"><div class=\"inner-block\"><p>Voc\u00ea j\u00e1 come\u00e7ou a gostar de uma m\u00fasica que, no in\u00edcio, parecia \u201cmais ou menos\u201d? Ou passou a achar algu\u00e9m mais simp\u00e1tico s\u00f3 porque v\u00ea essa pessoa com frequ\u00eancia? Isso n\u00e3o \u00e9 coincid\u00eancia. \u00c9 ci\u00eancia.&nbsp;Existe um fen\u00f4meno psicol\u00f3gico chamado efeito de simples exposi\u00e7\u00e3o, formalizado por Robert Zajonc (1968), que mostra algo surpreendente: N\u00e3o precisamos entender, o segredo est\u00e1 em gostar atrav\u00e9s da repeti\u00e7\u00e3o. O experimento cl\u00e1ssico de Zajonc...<\/p><\/div><\/div><div class=\"wpr-grid-item-read-more elementor-repeater-item-716d6c5 wpr-grid-item-display-block wpr-grid-item-align-left\"><div class=\"inner-block\"><a target=\"_self\" href=\"https:\/\/francanareal.com\/index.php\/2026\/04\/03\/o-segredo-de-gostar\/\" class=\"wpr-button-effect wpr-button-none\"><span>Read More<\/span><\/a><\/div><\/div><\/div><\/div><\/article><article class=\"wpr-grid-item elementor-clearfix post-1872 post type-post status-publish format-standard hentry category-psicologia-na-real\"><div class=\"wpr-grid-item-inner\"><div class=\"wpr-grid-item-below-content elementor-clearfix\"><div class=\"wpr-grid-item-category elementor-repeater-item-7a9afee wpr-grid-item-display-block wpr-grid-item-align-left wpr-pointer-none wpr-pointer-line-fx wpr-pointer-fx-fade wpr-grid-tax-style-1\"><div class=\"inner-block\"><a class=\" wpr-tax-id-11\" href=\"https:\/\/francanareal.com\/index.php\/category\/psicologia-na-real\/\">Psicologia na Real<\/a><\/div><\/div><h2 class=\"wpr-grid-item-title elementor-repeater-item-2d29edf wpr-grid-item-display-block wpr-grid-item-align-left wpr-pointer-none wpr-pointer-line-fx wpr-pointer-fx-fade\"><div class=\"inner-block\"><a target=\"_self\"  href=\"https:\/\/francanareal.com\/index.php\/2026\/04\/03\/quando-a-maioria-nos-vence\/\">Quando a Maioria Nos Vence<\/a><\/div><\/h2><div class=\"wpr-grid-item-date elementor-repeater-item-589fcd9 wpr-grid-item-display-block wpr-grid-item-align-left\"><div class=\"inner-block\"><span>3 de abril de 2026<\/span><\/div><\/div><div class=\"wpr-grid-item-excerpt elementor-repeater-item-0025724 wpr-grid-item-display-block wpr-grid-item-align-left\"><div class=\"inner-block\"><p>Voc\u00ea j\u00e1, por acaso, mudou de opini\u00e3o no meio de uma conversa, simplesmente porque todo mundo pensava diferente? Ou j\u00e1 riu de uma piada que n\u00e3o achou t\u00e3o engra\u00e7ada? Ali\u00e1s, j\u00e1 ficou em sil\u00eancio quando queria discordar? Ou at\u00e9 mesmo comprou algo porque todo mundo estava usando? Se a resposta for sim, ent\u00e3o voc\u00ea j\u00e1 inegavelmente sentiu o poder invis\u00edvel da maioria e ele \u00e9 mais forte do...<\/p><\/div><\/div><div class=\"wpr-grid-item-read-more elementor-repeater-item-716d6c5 wpr-grid-item-display-block wpr-grid-item-align-left\"><div class=\"inner-block\"><a target=\"_self\" href=\"https:\/\/francanareal.com\/index.php\/2026\/04\/03\/quando-a-maioria-nos-vence\/\" class=\"wpr-button-effect wpr-button-none\"><span>Read More<\/span><\/a><\/div><\/div><\/div><\/div><\/article><article class=\"wpr-grid-item elementor-clearfix post-1796 post type-post status-publish format-standard hentry category-psicologia-na-real\"><div class=\"wpr-grid-item-inner\"><div class=\"wpr-grid-item-below-content elementor-clearfix\"><div class=\"wpr-grid-item-category elementor-repeater-item-7a9afee wpr-grid-item-display-block wpr-grid-item-align-left wpr-pointer-none wpr-pointer-line-fx wpr-pointer-fx-fade wpr-grid-tax-style-1\"><div class=\"inner-block\"><a class=\" wpr-tax-id-11\" href=\"https:\/\/francanareal.com\/index.php\/category\/psicologia-na-real\/\">Psicologia na Real<\/a><\/div><\/div><h2 class=\"wpr-grid-item-title elementor-repeater-item-2d29edf wpr-grid-item-display-block wpr-grid-item-align-left wpr-pointer-none wpr-pointer-line-fx wpr-pointer-fx-fade\"><div class=\"inner-block\"><a target=\"_self\"  href=\"https:\/\/francanareal.com\/index.php\/2025\/12\/12\/estudar-psicologia-a-distancia-na-franca\/\">Estudar Psicologia a Dist\u00e2ncia na Fran\u00e7a<\/a><\/div><\/h2><div class=\"wpr-grid-item-date elementor-repeater-item-589fcd9 wpr-grid-item-display-block wpr-grid-item-align-left\"><div class=\"inner-block\"><span>12 de dezembro de 2025<\/span><\/div><\/div><div class=\"wpr-grid-item-excerpt elementor-repeater-item-0025724 wpr-grid-item-display-block wpr-grid-item-align-left\"><div class=\"inner-block\"><p>Estudar a dist\u00e2ncia j\u00e1 se tornou uma realidade cada vez mais comum na Fran\u00e7a, especialmente em cursos universit\u00e1rios que combinam flexibilidade, autonomia e exig\u00eancia acad\u00eamica. Como estudante de Psicologia a dist\u00e2ncia na Universit\u00e9 d\u2019Aix-Marseille, estou experimentando de perto essa modalidade e descobri que ela pode ser tanto libertadora quanto desafiadora. Neste artigo, compartilho uma vis\u00e3o clara e honesta sobre como \u00e9 estudar Psicologia \u00e0 dist\u00e2ncia na Fran\u00e7a, o...<\/p><\/div><\/div><div class=\"wpr-grid-item-read-more elementor-repeater-item-716d6c5 wpr-grid-item-display-block wpr-grid-item-align-left\"><div class=\"inner-block\"><a target=\"_self\" href=\"https:\/\/francanareal.com\/index.php\/2025\/12\/12\/estudar-psicologia-a-distancia-na-franca\/\" class=\"wpr-button-effect wpr-button-none\"><span>Read More<\/span><\/a><\/div><\/div><\/div><\/div><\/article><\/section>\t\t\t\t<\/div>\n\t\t\t\t<\/div>\n\t\t\t\t\t<\/div>\n\t\t<\/div>\n\t\t\t\t\t<\/div>\n\t\t<\/section>\n\t\t\t\t<\/div>\n\t\t","protected":false},"excerpt":{"rendered":"<p>All Psicologia na Real Psicologia na Real O Segredo de Gostar: \u00c9 S\u00f3 Repetir\u00a0 3 de abril de 2026 Voc\u00ea j\u00e1 come\u00e7ou a gostar de uma m\u00fasica que, no in\u00edcio, parecia \u201cmais ou menos\u201d? Ou passou a achar algu\u00e9m mais simp\u00e1tico s\u00f3 porque v\u00ea essa pessoa com frequ\u00eancia? Isso n\u00e3o \u00e9 coincid\u00eancia. \u00c9 ci\u00eancia.&nbsp;Existe um fen\u00f4meno psicol\u00f3gico chamado efeito de simples exposi\u00e7\u00e3o, formalizado por Robert Zajonc (1968), que mostra algo surpreendente: N\u00e3o precisamos entender, o segredo est\u00e1 em gostar atrav\u00e9s da repeti\u00e7\u00e3o. O experimento cl\u00e1ssico de Zajonc&#8230; Read More Psicologia na Real Quando a Maioria Nos Vence 3 de abril de 2026 Voc\u00ea j\u00e1, por acaso, mudou de opini\u00e3o no meio de uma conversa, simplesmente porque todo mundo pensava diferente? Ou j\u00e1 riu de uma piada que n\u00e3o achou t\u00e3o engra\u00e7ada? Ali\u00e1s, j\u00e1 ficou em sil\u00eancio quando queria discordar? Ou at\u00e9 mesmo comprou algo porque todo mundo estava usando? Se a resposta for sim, ent\u00e3o voc\u00ea j\u00e1 inegavelmente sentiu o poder invis\u00edvel da maioria e ele \u00e9 mais forte do&#8230; Read More Psicologia na Real Estudar Psicologia a Dist\u00e2ncia na Fran\u00e7a 12 de dezembro de 2025 Estudar a dist\u00e2ncia j\u00e1 se tornou uma realidade cada vez mais comum na Fran\u00e7a, especialmente em cursos universit\u00e1rios que combinam flexibilidade, autonomia e exig\u00eancia acad\u00eamica. Como estudante de Psicologia a dist\u00e2ncia na Universit\u00e9 d\u2019Aix-Marseille, estou experimentando de perto essa modalidade e descobri que ela pode ser tanto libertadora quanto desafiadora. Neste artigo, compartilho uma vis\u00e3o clara e honesta sobre como \u00e9 estudar Psicologia \u00e0 dist\u00e2ncia na Fran\u00e7a, o&#8230; Read More<\/p>\n","protected":false},"author":1,"featured_media":0,"parent":0,"menu_order":0,"comment_status":"closed","ping_status":"closed","template":"","meta":{"site-sidebar-layout":"no-sidebar","site-content-layout":"","ast-site-content-layout":"full-width-container","site-content-style":"default","site-sidebar-style":"default","ast-global-header-display":"","ast-banner-title-visibility":"","ast-main-header-display":"","ast-hfb-above-header-display":"","ast-hfb-below-header-display":"","ast-hfb-mobile-header-display":"","site-post-title":"","ast-breadcrumbs-content":"","ast-featured-img":"disabled","footer-sml-layout":"","ast-disable-related-posts":"","theme-transparent-header-meta":"","adv-header-id-meta":"","stick-header-meta":"","header-above-stick-meta":"","header-main-stick-meta":"","header-below-stick-meta":"","astra-migrate-meta-layouts":"default","ast-page-background-enabled":"default","ast-page-background-meta":{"desktop":{"background-color":"var(--ast-global-color-4)","background-image":"","background-repeat":"repeat","background-position":"center center","background-size":"auto","background-attachment":"scroll","background-type":"","background-media":"","overlay-type":"","overlay-color":"","overlay-opacity":"","overlay-gradient":""},"tablet":{"background-color":"","background-image":"","background-repeat":"repeat","background-position":"center center","background-size":"auto","background-attachment":"scroll","background-type":"","background-media":"","overlay-type":"","overlay-color":"","overlay-opacity":"","overlay-gradient":""},"mobile":{"background-color":"","background-image":"","background-repeat":"repeat","background-position":"center center","background-size":"auto","background-attachment":"scroll","background-type":"","background-media":"","overlay-type":"","overlay-color":"","overlay-opacity":"","overlay-gradient":""}},"ast-content-background-meta":{"desktop":{"background-color":"var(--ast-global-color-5)","background-image":"","background-repeat":"repeat","background-position":"center center","background-size":"auto","background-attachment":"scroll","background-type":"","background-media":"","overlay-type":"","overlay-color":"","overlay-opacity":"","overlay-gradient":""},"tablet":{"background-color":"var(--ast-global-color-5)","background-image":"","background-repeat":"repeat","background-position":"center center","background-size":"auto","background-attachment":"scroll","background-type":"","background-media":"","overlay-type":"","overlay-color":"","overlay-opacity":"","overlay-gradient":""},"mobile":{"background-color":"var(--ast-global-color-5)","background-image":"","background-repeat":"repeat","background-position":"center center","background-size":"auto","background-attachment":"scroll","background-type":"","background-media":"","overlay-type":"","overlay-color":"","overlay-opacity":"","overlay-gradient":""}},"footnotes":""},"class_list":["post-1869","page","type-page","status-publish","hentry"],"yoast_head":"<!-- This site is optimized with the Yoast SEO plugin v27.3 - https:\/\/yoast.com\/product\/yoast-seo-wordpress\/ -->\n<title>Psicologia na Real -<\/title>\n<meta name=\"robots\" content=\"index, follow, max-snippet:-1, max-image-preview:large, max-video-preview:-1\" \/>\n<link rel=\"canonical\" href=\"https:\/\/francanareal.com\/index.php\/psicologia-na-real\/\" \/>\n<meta property=\"og:locale\" content=\"pt_BR\" \/>\n<meta property=\"og:type\" content=\"article\" \/>\n<meta property=\"og:title\" content=\"Psicologia na Real -\" \/>\n<meta property=\"og:description\" content=\"All Psicologia na Real Psicologia na Real O Segredo de Gostar: \u00c9 S\u00f3 Repetir\u00a0 3 de abril de 2026 Voc\u00ea j\u00e1 come\u00e7ou a gostar de uma m\u00fasica que, no in\u00edcio, parecia \u201cmais ou menos\u201d? Ou passou a achar algu\u00e9m mais simp\u00e1tico s\u00f3 porque v\u00ea essa pessoa com frequ\u00eancia? Isso n\u00e3o \u00e9 coincid\u00eancia. \u00c9 ci\u00eancia.&nbsp;Existe um fen\u00f4meno psicol\u00f3gico chamado efeito de simples exposi\u00e7\u00e3o, formalizado por Robert Zajonc (1968), que mostra algo surpreendente: N\u00e3o precisamos entender, o segredo est\u00e1 em gostar atrav\u00e9s da repeti\u00e7\u00e3o. O experimento cl\u00e1ssico de Zajonc&#8230; Read More Psicologia na Real Quando a Maioria Nos Vence 3 de abril de 2026 Voc\u00ea j\u00e1, por acaso, mudou de opini\u00e3o no meio de uma conversa, simplesmente porque todo mundo pensava diferente? Ou j\u00e1 riu de uma piada que n\u00e3o achou t\u00e3o engra\u00e7ada? Ali\u00e1s, j\u00e1 ficou em sil\u00eancio quando queria discordar? Ou at\u00e9 mesmo comprou algo porque todo mundo estava usando? Se a resposta for sim, ent\u00e3o voc\u00ea j\u00e1 inegavelmente sentiu o poder invis\u00edvel da maioria e ele \u00e9 mais forte do&#8230; Read More Psicologia na Real Estudar Psicologia a Dist\u00e2ncia na Fran\u00e7a 12 de dezembro de 2025 Estudar a dist\u00e2ncia j\u00e1 se tornou uma realidade cada vez mais comum na Fran\u00e7a, especialmente em cursos universit\u00e1rios que combinam flexibilidade, autonomia e exig\u00eancia acad\u00eamica. Como estudante de Psicologia a dist\u00e2ncia na Universit\u00e9 d\u2019Aix-Marseille, estou experimentando de perto essa modalidade e descobri que ela pode ser tanto libertadora quanto desafiadora. Neste artigo, compartilho uma vis\u00e3o clara e honesta sobre como \u00e9 estudar Psicologia \u00e0 dist\u00e2ncia na Fran\u00e7a, o&#8230; Read More\" \/>\n<meta property=\"og:url\" content=\"https:\/\/francanareal.com\/index.php\/psicologia-na-real\/\" \/>\n<meta property=\"article:modified_time\" content=\"2026-04-03T18:13:26+00:00\" \/>\n<meta name=\"twitter:card\" content=\"summary_large_image\" \/>\n<meta name=\"twitter:label1\" content=\"Est. tempo de leitura\" \/>\n\t<meta name=\"twitter:data1\" content=\"2 minutos\" \/>\n<script type=\"application\/ld+json\" class=\"yoast-schema-graph\">{\"@context\":\"https:\\\/\\\/schema.org\",\"@graph\":[{\"@type\":\"WebPage\",\"@id\":\"https:\\\/\\\/francanareal.com\\\/index.php\\\/psicologia-na-real\\\/\",\"url\":\"https:\\\/\\\/francanareal.com\\\/index.php\\\/psicologia-na-real\\\/\",\"name\":\"Psicologia na Real -\",\"isPartOf\":{\"@id\":\"https:\\\/\\\/francanareal.com\\\/#website\"},\"datePublished\":\"2026-03-28T13:59:31+00:00\",\"dateModified\":\"2026-04-03T18:13:26+00:00\",\"breadcrumb\":{\"@id\":\"https:\\\/\\\/francanareal.com\\\/index.php\\\/psicologia-na-real\\\/#breadcrumb\"},\"inLanguage\":\"pt-BR\",\"potentialAction\":[{\"@type\":\"ReadAction\",\"target\":[\"https:\\\/\\\/francanareal.com\\\/index.php\\\/psicologia-na-real\\\/\"]}]},{\"@type\":\"BreadcrumbList\",\"@id\":\"https:\\\/\\\/francanareal.com\\\/index.php\\\/psicologia-na-real\\\/#breadcrumb\",\"itemListElement\":[{\"@type\":\"ListItem\",\"position\":1,\"name\":\"In\u00edcio\",\"item\":\"https:\\\/\\\/francanareal.com\\\/\"},{\"@type\":\"ListItem\",\"position\":2,\"name\":\"Psicologia na Real\"}]},{\"@type\":\"WebSite\",\"@id\":\"https:\\\/\\\/francanareal.com\\\/#website\",\"url\":\"https:\\\/\\\/francanareal.com\\\/\",\"name\":\"\",\"description\":\"\",\"potentialAction\":[{\"@type\":\"SearchAction\",\"target\":{\"@type\":\"EntryPoint\",\"urlTemplate\":\"https:\\\/\\\/francanareal.com\\\/?s={search_term_string}\"},\"query-input\":{\"@type\":\"PropertyValueSpecification\",\"valueRequired\":true,\"valueName\":\"search_term_string\"}}],\"inLanguage\":\"pt-BR\"}]}<\/script>\n<!-- \/ Yoast SEO plugin. -->","yoast_head_json":{"title":"Psicologia na Real -","robots":{"index":"index","follow":"follow","max-snippet":"max-snippet:-1","max-image-preview":"max-image-preview:large","max-video-preview":"max-video-preview:-1"},"canonical":"https:\/\/francanareal.com\/index.php\/psicologia-na-real\/","og_locale":"pt_BR","og_type":"article","og_title":"Psicologia na Real -","og_description":"All Psicologia na Real Psicologia na Real O Segredo de Gostar: \u00c9 S\u00f3 Repetir\u00a0 3 de abril de 2026 Voc\u00ea j\u00e1 come\u00e7ou a gostar de uma m\u00fasica que, no in\u00edcio, parecia \u201cmais ou menos\u201d? Ou passou a achar algu\u00e9m mais simp\u00e1tico s\u00f3 porque v\u00ea essa pessoa com frequ\u00eancia? Isso n\u00e3o \u00e9 coincid\u00eancia. \u00c9 ci\u00eancia.&nbsp;Existe um fen\u00f4meno psicol\u00f3gico chamado efeito de simples exposi\u00e7\u00e3o, formalizado por Robert Zajonc (1968), que mostra algo surpreendente: N\u00e3o precisamos entender, o segredo est\u00e1 em gostar atrav\u00e9s da repeti\u00e7\u00e3o. O experimento cl\u00e1ssico de Zajonc&#8230; Read More Psicologia na Real Quando a Maioria Nos Vence 3 de abril de 2026 Voc\u00ea j\u00e1, por acaso, mudou de opini\u00e3o no meio de uma conversa, simplesmente porque todo mundo pensava diferente? Ou j\u00e1 riu de uma piada que n\u00e3o achou t\u00e3o engra\u00e7ada? Ali\u00e1s, j\u00e1 ficou em sil\u00eancio quando queria discordar? Ou at\u00e9 mesmo comprou algo porque todo mundo estava usando? Se a resposta for sim, ent\u00e3o voc\u00ea j\u00e1 inegavelmente sentiu o poder invis\u00edvel da maioria e ele \u00e9 mais forte do&#8230; Read More Psicologia na Real Estudar Psicologia a Dist\u00e2ncia na Fran\u00e7a 12 de dezembro de 2025 Estudar a dist\u00e2ncia j\u00e1 se tornou uma realidade cada vez mais comum na Fran\u00e7a, especialmente em cursos universit\u00e1rios que combinam flexibilidade, autonomia e exig\u00eancia acad\u00eamica. Como estudante de Psicologia a dist\u00e2ncia na Universit\u00e9 d\u2019Aix-Marseille, estou experimentando de perto essa modalidade e descobri que ela pode ser tanto libertadora quanto desafiadora. Neste artigo, compartilho uma vis\u00e3o clara e honesta sobre como \u00e9 estudar Psicologia \u00e0 dist\u00e2ncia na Fran\u00e7a, o&#8230; Read More","og_url":"https:\/\/francanareal.com\/index.php\/psicologia-na-real\/","article_modified_time":"2026-04-03T18:13:26+00:00","twitter_card":"summary_large_image","twitter_misc":{"Est. tempo de leitura":"2 minutos"},"schema":{"@context":"https:\/\/schema.org","@graph":[{"@type":"WebPage","@id":"https:\/\/francanareal.com\/index.php\/psicologia-na-real\/","url":"https:\/\/francanareal.com\/index.php\/psicologia-na-real\/","name":"Psicologia na Real -","isPartOf":{"@id":"https:\/\/francanareal.com\/#website"},"datePublished":"2026-03-28T13:59:31+00:00","dateModified":"2026-04-03T18:13:26+00:00","breadcrumb":{"@id":"https:\/\/francanareal.com\/index.php\/psicologia-na-real\/#breadcrumb"},"inLanguage":"pt-BR","potentialAction":[{"@type":"ReadAction","target":["https:\/\/francanareal.com\/index.php\/psicologia-na-real\/"]}]},{"@type":"BreadcrumbList","@id":"https:\/\/francanareal.com\/index.php\/psicologia-na-real\/#breadcrumb","itemListElement":[{"@type":"ListItem","position":1,"name":"In\u00edcio","item":"https:\/\/francanareal.com\/"},{"@type":"ListItem","position":2,"name":"Psicologia na Real"}]},{"@type":"WebSite","@id":"https:\/\/francanareal.com\/#website","url":"https:\/\/francanareal.com\/","name":"","description":"","potentialAction":[{"@type":"SearchAction","target":{"@type":"EntryPoint","urlTemplate":"https:\/\/francanareal.com\/?s={search_term_string}"},"query-input":{"@type":"PropertyValueSpecification","valueRequired":true,"valueName":"search_term_string"}}],"inLanguage":"pt-BR"}]}},"rttpg_featured_image_url":null,"rttpg_author":{"display_name":"Ivana","author_link":"https:\/\/francanareal.com\/index.php\/author\/francanareal-com\/"},"rttpg_comment":0,"rttpg_category":"","rttpg_excerpt":"All Psicologia na Real Psicologia na Real O Segredo de Gostar: \u00c9 S\u00f3 Repetir\u00a0 3 de abril de 2026 Voc\u00ea j\u00e1 come\u00e7ou a gostar de uma m\u00fasica que, no in\u00edcio, parecia \u201cmais ou menos\u201d? Ou passou a achar algu\u00e9m mais simp\u00e1tico s\u00f3 porque v\u00ea essa pessoa com frequ\u00eancia? Isso n\u00e3o \u00e9 coincid\u00eancia. \u00c9 ci\u00eancia.&nbsp;Existe um&hellip;","_links":{"self":[{"href":"https:\/\/francanareal.com\/index.php\/wp-json\/wp\/v2\/pages\/1869","targetHints":{"allow":["GET"]}}],"collection":[{"href":"https:\/\/francanareal.com\/index.php\/wp-json\/wp\/v2\/pages"}],"about":[{"href":"https:\/\/francanareal.com\/index.php\/wp-json\/wp\/v2\/types\/page"}],"author":[{"embeddable":true,"href":"https:\/\/francanareal.com\/index.php\/wp-json\/wp\/v2\/users\/1"}],"replies":[{"embeddable":true,"href":"https:\/\/francanareal.com\/index.php\/wp-json\/wp\/v2\/comments?post=1869"}],"version-history":[{"count":28,"href":"https:\/\/francanareal.com\/index.php\/wp-json\/wp\/v2\/pages\/1869\/revisions"}],"predecessor-version":[{"id":1918,"href":"https:\/\/francanareal.com\/index.php\/wp-json\/wp\/v2\/pages\/1869\/revisions\/1918"}],"wp:attachment":[{"href":"https:\/\/francanareal.com\/index.php\/wp-json\/wp\/v2\/media?parent=1869"}],"curies":[{"name":"wp","href":"https:\/\/api.w.org\/{rel}","templated":true}]}}