{"id":37,"date":"2024-01-04T09:52:40","date_gmt":"2024-01-04T12:52:40","guid":{"rendered":"https:\/\/francanareal.com\/?page_id=37"},"modified":"2024-03-14T09:53:30","modified_gmt":"2024-03-14T12:53:30","slug":"termos-e-condicoes","status":"publish","type":"page","link":"https:\/\/francanareal.com\/index.php\/termos-e-condicoes\/","title":{"rendered":"Termos e Condi\u00e7\u00f5es"},"content":{"rendered":"\n<h2 class=\"wp-block-heading\"><span style=\"color: #444444;\">1. Termos<\/span><\/h2>\n\n\n\n<p style=\"text-align: justify;\">Ao acessar o blog Fran\u00e7a na Reral voc\u00ea concorda em cumprir estes termos de servi\u00e7o\u200b\u200b, al\u00e9m de concordar que \u00e9 respons\u00e1vel pelo cumprimento de todas as leis locais aplic\u00e1veis. Se voc\u00ea n\u00e3o concordar com algum desses termos, est\u00e1 proibido de usar ou acessar este site. Os materiais aqui contidos s\u00e3o protegidos pelas leis de direitos autorais e marcas comerciais aplic\u00e1veis.<\/p>\n\n\n\n<h2 class=\"wp-block-heading\"><span style=\"color: #444444;\">2. Uso de Licen\u00e7a<\/span><\/h2>\n\n\n\n<p style=\"text-align: justify;\">\u00c9 concedida permiss\u00e3o para baixar temporariamente uma c\u00f3pia dos materiais (informa\u00e7\u00f5es ou software) no site, apenas para visualiza\u00e7\u00e3o transit\u00f3ria pessoal e n\u00e3o comercial. Esta \u00e9 a concess\u00e3o de uma licen\u00e7a, n\u00e3o uma transfer\u00eancia de t\u00edtulo e, sob esta licen\u00e7a voc\u00ea n\u00e3o pode:<\/p>\n\n\n\n<ol class=\"wp-block-list\">\n<li><span style=\"color: #444444;\">modificar ou copiar os materiais;&nbsp;<\/span><\/li>\n\n\n\n<li><span style=\"color: #444444;\">usar os materiais para qualquer finalidade comercial ou para exibi\u00e7\u00e3o p\u00fablica (comercial ou n\u00e3o comercial);&nbsp;<\/span><\/li>\n\n\n\n<li><span style=\"color: #444444;\">tentar descompilar ou fazer engenharia reversa de qualquer software contido no site;&nbsp;<\/span><\/li>\n\n\n\n<li><span style=\"color: #444444;\">remover quaisquer direitos autorais ou outras anota\u00e7\u00f5es de propriedade dos materiais; ou&nbsp;<\/span><\/li>\n\n\n\n<li><span style=\"color: #444444;\">transferir os materiais para outra pessoa ou &#8216;espelhar&#8217; os materiais em qualquer outro servidor.<\/span><\/li>\n<\/ol>\n\n\n\n<p style=\"text-align: justify;\">Esta licen\u00e7a ser\u00e1 automaticamente rescindida se voc\u00ea violar alguma dessas restri\u00e7\u00f5es. Ao encerrar a visualiza\u00e7\u00e3o desses materiais ou ap\u00f3s o t\u00e9rmino desta licen\u00e7a, voc\u00ea deve apagar todos os materiais baixados em sua posse, seja em formato eletr\u00f4nico ou impresso.<\/p>\n\n\n\n<h2 class=\"wp-block-heading\"><span style=\"color: #444444;\">3. Isen\u00e7\u00e3o de responsabilidade<\/span><\/h2>\n\n\n\n<p style=\"text-align: justify;\">Os materiais do site s\u00e3o fornecidos &#8216;como est\u00e3o&#8217;. N\u00e3o oferecemos garantias, expressas ou impl\u00edcitas, e, por este meio, isentamos e negamos todas as outras garantias acerca de condi\u00e7\u00f5es de comercializa\u00e7\u00e3o, adequa\u00e7\u00e3o a um fim espec\u00edfico ou n\u00e3o, viola\u00e7\u00e3o de propriedade intelectual ou outra viola\u00e7\u00e3o de direitos.<\/p>\n\n\n\n<p style=\"text-align: justify;\">Al\u00e9m disso, n\u00e3o garantimos ou fazemos qualquer representa\u00e7\u00e3o relativa \u00e0 precis\u00e3o, aos resultados prov\u00e1veis \u200b\u200bou \u00e0 confiabilidade do uso dos materiais no site ou de outra forma relacionado a esses materiais ou em sites vinculados ao blog Fran\u00e7a na Real.<\/p>\n\n\n\n<h2 class=\"wp-block-heading\"><span style=\"color: #444444;\">4. Limita\u00e7\u00f5es<\/span><\/h2>\n\n\n\n<p style=\"text-align: justify;\">Em nenhum caso seremos respons\u00e1veis \u200b\u200bpor quaisquer danos (incluindo, sem limita\u00e7\u00e3o, danos por perda de dados ou lucro ou devido a interrup\u00e7\u00e3o dos neg\u00f3cios) decorrentes do uso ou da incapacidade de usar os materiais, mesmo que um representante autorizado tenha sido notificado oralmente ou por escrito da possibilidade de tais danos. Como algumas jurisdi\u00e7\u00f5es n\u00e3o permitem limita\u00e7\u00f5es em garantias impl\u00edcitas ou limita\u00e7\u00f5es de responsabilidade por danos consequentes ou incidentais, essas limita\u00e7\u00f5es podem n\u00e3o se aplicar a voc\u00ea.<\/p>\n\n\n\n<h2 class=\"wp-block-heading\"><span style=\"color: #444444;\">5. Precis\u00e3o dos materiais<\/span><\/h2>\n\n\n\n<p style=\"text-align: justify;\">Os materiais exibidos no site podem incluir erros t\u00e9cnicos, tipogr\u00e1ficos ou fotogr\u00e1ficos. N\u00e3o garantimos que qualquer material seja preciso, completo ou atual. Podem ser feita altera\u00e7\u00f5es a qualquer momento, sem aviso pr\u00e9vio. No entanto, n\u00e3o nos comprometemos a atualizar os materiais.<\/p>\n\n\n\n<h2 class=\"wp-block-heading\"><span style=\"color: #444444;\">6. Links<\/span><\/h2>\n\n\n\n<p style=\"text-align: justify;\">O blog Fran\u00e7a na Real n\u00e3o analisou e nem \u00e9 respons\u00e1vel pelo conte\u00fado de nenhum site vinculado. A inclus\u00e3o de qualquer link n\u00e3o implica endosso. Dessa forma, o uso de qualquer site vinculado \u00e9 por conta e risco do usu\u00e1rio.<\/p>\n","protected":false},"excerpt":{"rendered":"<p>1. Termos Ao acessar o blog Fran\u00e7a na Reral voc\u00ea concorda em cumprir estes termos de servi\u00e7o\u200b\u200b, al\u00e9m de concordar que \u00e9 respons\u00e1vel pelo cumprimento de todas as leis locais aplic\u00e1veis. Se voc\u00ea n\u00e3o concordar com algum desses termos, est\u00e1 proibido de usar ou acessar este site. Os materiais aqui contidos s\u00e3o protegidos pelas leis de direitos autorais e marcas comerciais aplic\u00e1veis. 2. Uso de Licen\u00e7a \u00c9 concedida permiss\u00e3o para baixar temporariamente uma c\u00f3pia dos materiais (informa\u00e7\u00f5es ou software) no site, apenas para visualiza\u00e7\u00e3o transit\u00f3ria pessoal e n\u00e3o comercial. Esta \u00e9 a concess\u00e3o de uma licen\u00e7a, n\u00e3o uma transfer\u00eancia de t\u00edtulo e, sob esta licen\u00e7a voc\u00ea n\u00e3o pode: Esta licen\u00e7a ser\u00e1 automaticamente rescindida se voc\u00ea violar alguma dessas restri\u00e7\u00f5es. Ao encerrar a visualiza\u00e7\u00e3o desses materiais ou ap\u00f3s o t\u00e9rmino desta licen\u00e7a, voc\u00ea deve apagar todos os materiais baixados em sua posse, seja em formato eletr\u00f4nico ou impresso. 3. Isen\u00e7\u00e3o de responsabilidade Os materiais do site s\u00e3o fornecidos &#8216;como est\u00e3o&#8217;. N\u00e3o oferecemos garantias, expressas ou impl\u00edcitas, e, por este meio, isentamos e negamos todas as outras garantias acerca de condi\u00e7\u00f5es de comercializa\u00e7\u00e3o, adequa\u00e7\u00e3o a um fim espec\u00edfico ou n\u00e3o, viola\u00e7\u00e3o de propriedade intelectual ou outra viola\u00e7\u00e3o de direitos. Al\u00e9m disso, n\u00e3o garantimos ou fazemos qualquer representa\u00e7\u00e3o relativa \u00e0 precis\u00e3o, aos resultados prov\u00e1veis \u200b\u200bou \u00e0 confiabilidade do uso dos materiais no site ou de outra forma relacionado a esses materiais ou em sites vinculados ao blog Fran\u00e7a na Real. 4. Limita\u00e7\u00f5es Em nenhum caso seremos respons\u00e1veis \u200b\u200bpor quaisquer danos (incluindo, sem limita\u00e7\u00e3o, danos por perda de dados ou lucro ou devido a interrup\u00e7\u00e3o dos neg\u00f3cios) decorrentes do uso ou da incapacidade de usar os materiais, mesmo que um representante autorizado tenha sido notificado oralmente ou por escrito da possibilidade de tais danos. Como algumas jurisdi\u00e7\u00f5es n\u00e3o permitem limita\u00e7\u00f5es em garantias impl\u00edcitas ou limita\u00e7\u00f5es de responsabilidade por danos consequentes ou incidentais, essas limita\u00e7\u00f5es podem n\u00e3o se aplicar a voc\u00ea. 5. Precis\u00e3o dos materiais Os materiais exibidos no site podem incluir erros t\u00e9cnicos, tipogr\u00e1ficos ou fotogr\u00e1ficos. N\u00e3o garantimos que qualquer material seja preciso, completo ou atual. Podem ser feita altera\u00e7\u00f5es a qualquer momento, sem aviso pr\u00e9vio. No entanto, n\u00e3o nos comprometemos a atualizar os materiais. 6. Links O blog Fran\u00e7a na Real n\u00e3o analisou e nem \u00e9 respons\u00e1vel pelo conte\u00fado de nenhum site vinculado. A inclus\u00e3o de qualquer link n\u00e3o implica endosso. Dessa forma, o uso de qualquer site vinculado \u00e9 por conta e risco do usu\u00e1rio.<\/p>\n","protected":false},"author":1,"featured_media":0,"parent":0,"menu_order":0,"comment_status":"closed","ping_status":"closed","template":"","meta":{"site-sidebar-layout":"default","site-content-layout":"","ast-site-content-layout":"default","site-content-style":"default","site-sidebar-style":"default","ast-global-header-display":"","ast-banner-title-visibility":"","ast-main-header-display":"","ast-hfb-above-header-display":"","ast-hfb-below-header-display":"","ast-hfb-mobile-header-display":"","site-post-title":"","ast-breadcrumbs-content":"","ast-featured-img":"","footer-sml-layout":"","ast-disable-related-posts":"","theme-transparent-header-meta":"","adv-header-id-meta":"","stick-header-meta":"","header-above-stick-meta":"","header-main-stick-meta":"","header-below-stick-meta":"","astra-migrate-meta-layouts":"default","ast-page-background-enabled":"default","ast-page-background-meta":{"desktop":{"background-color":"var(--ast-global-color-4)","background-image":"","background-repeat":"repeat","background-position":"center center","background-size":"auto","background-attachment":"scroll","background-type":"","background-media":"","overlay-type":"","overlay-color":"","overlay-opacity":"","overlay-gradient":""},"tablet":{"background-color":"","background-image":"","background-repeat":"repeat","background-position":"center center","background-size":"auto","background-attachment":"scroll","background-type":"","background-media":"","overlay-type":"","overlay-color":"","overlay-opacity":"","overlay-gradient":""},"mobile":{"background-color":"","background-image":"","background-repeat":"repeat","background-position":"center center","background-size":"auto","background-attachment":"scroll","background-type":"","background-media":"","overlay-type":"","overlay-color":"","overlay-opacity":"","overlay-gradient":""}},"ast-content-background-meta":{"desktop":{"background-color":"var(--ast-global-color-5)","background-image":"","background-repeat":"repeat","background-position":"center center","background-size":"auto","background-attachment":"scroll","background-type":"","background-media":"","overlay-type":"","overlay-color":"","overlay-opacity":"","overlay-gradient":""},"tablet":{"background-color":"var(--ast-global-color-5)","background-image":"","background-repeat":"repeat","background-position":"center center","background-size":"auto","background-attachment":"scroll","background-type":"","background-media":"","overlay-type":"","overlay-color":"","overlay-opacity":"","overlay-gradient":""},"mobile":{"background-color":"var(--ast-global-color-5)","background-image":"","background-repeat":"repeat","background-position":"center center","background-size":"auto","background-attachment":"scroll","background-type":"","background-media":"","overlay-type":"","overlay-color":"","overlay-opacity":"","overlay-gradient":""}},"footnotes":""},"class_list":["post-37","page","type-page","status-publish","hentry"],"yoast_head":"<!-- This site is optimized with the Yoast SEO plugin v27.3 - https:\/\/yoast.com\/product\/yoast-seo-wordpress\/ -->\n<title>Termos e Condi\u00e7\u00f5es -<\/title>\n<meta name=\"robots\" content=\"index, follow, max-snippet:-1, max-image-preview:large, max-video-preview:-1\" \/>\n<link rel=\"canonical\" href=\"https:\/\/francanareal.com\/index.php\/termos-e-condicoes\/\" \/>\n<meta property=\"og:locale\" content=\"pt_BR\" \/>\n<meta property=\"og:type\" content=\"article\" \/>\n<meta property=\"og:title\" content=\"Termos e Condi\u00e7\u00f5es -\" \/>\n<meta property=\"og:description\" content=\"1. Termos Ao acessar o blog Fran\u00e7a na Reral voc\u00ea concorda em cumprir estes termos de servi\u00e7o\u200b\u200b, al\u00e9m de concordar que \u00e9 respons\u00e1vel pelo cumprimento de todas as leis locais aplic\u00e1veis. Se voc\u00ea n\u00e3o concordar com algum desses termos, est\u00e1 proibido de usar ou acessar este site. Os materiais aqui contidos s\u00e3o protegidos pelas leis de direitos autorais e marcas comerciais aplic\u00e1veis. 2. Uso de Licen\u00e7a \u00c9 concedida permiss\u00e3o para baixar temporariamente uma c\u00f3pia dos materiais (informa\u00e7\u00f5es ou software) no site, apenas para visualiza\u00e7\u00e3o transit\u00f3ria pessoal e n\u00e3o comercial. Esta \u00e9 a concess\u00e3o de uma licen\u00e7a, n\u00e3o uma transfer\u00eancia de t\u00edtulo e, sob esta licen\u00e7a voc\u00ea n\u00e3o pode: Esta licen\u00e7a ser\u00e1 automaticamente rescindida se voc\u00ea violar alguma dessas restri\u00e7\u00f5es. Ao encerrar a visualiza\u00e7\u00e3o desses materiais ou ap\u00f3s o t\u00e9rmino desta licen\u00e7a, voc\u00ea deve apagar todos os materiais baixados em sua posse, seja em formato eletr\u00f4nico ou impresso. 3. Isen\u00e7\u00e3o de responsabilidade Os materiais do site s\u00e3o fornecidos &#8216;como est\u00e3o&#8217;. N\u00e3o oferecemos garantias, expressas ou impl\u00edcitas, e, por este meio, isentamos e negamos todas as outras garantias acerca de condi\u00e7\u00f5es de comercializa\u00e7\u00e3o, adequa\u00e7\u00e3o a um fim espec\u00edfico ou n\u00e3o, viola\u00e7\u00e3o de propriedade intelectual ou outra viola\u00e7\u00e3o de direitos. Al\u00e9m disso, n\u00e3o garantimos ou fazemos qualquer representa\u00e7\u00e3o relativa \u00e0 precis\u00e3o, aos resultados prov\u00e1veis \u200b\u200bou \u00e0 confiabilidade do uso dos materiais no site ou de outra forma relacionado a esses materiais ou em sites vinculados ao blog Fran\u00e7a na Real. 4. Limita\u00e7\u00f5es Em nenhum caso seremos respons\u00e1veis \u200b\u200bpor quaisquer danos (incluindo, sem limita\u00e7\u00e3o, danos por perda de dados ou lucro ou devido a interrup\u00e7\u00e3o dos neg\u00f3cios) decorrentes do uso ou da incapacidade de usar os materiais, mesmo que um representante autorizado tenha sido notificado oralmente ou por escrito da possibilidade de tais danos. Como algumas jurisdi\u00e7\u00f5es n\u00e3o permitem limita\u00e7\u00f5es em garantias impl\u00edcitas ou limita\u00e7\u00f5es de responsabilidade por danos consequentes ou incidentais, essas limita\u00e7\u00f5es podem n\u00e3o se aplicar a voc\u00ea. 5. Precis\u00e3o dos materiais Os materiais exibidos no site podem incluir erros t\u00e9cnicos, tipogr\u00e1ficos ou fotogr\u00e1ficos. N\u00e3o garantimos que qualquer material seja preciso, completo ou atual. Podem ser feita altera\u00e7\u00f5es a qualquer momento, sem aviso pr\u00e9vio. No entanto, n\u00e3o nos comprometemos a atualizar os materiais. 6. Links O blog Fran\u00e7a na Real n\u00e3o analisou e nem \u00e9 respons\u00e1vel pelo conte\u00fado de nenhum site vinculado. A inclus\u00e3o de qualquer link n\u00e3o implica endosso. Dessa forma, o uso de qualquer site vinculado \u00e9 por conta e risco do usu\u00e1rio.\" \/>\n<meta property=\"og:url\" content=\"https:\/\/francanareal.com\/index.php\/termos-e-condicoes\/\" \/>\n<meta property=\"article:modified_time\" content=\"2024-03-14T12:53:30+00:00\" \/>\n<meta name=\"twitter:card\" content=\"summary_large_image\" \/>\n<meta name=\"twitter:label1\" content=\"Est. tempo de leitura\" \/>\n\t<meta name=\"twitter:data1\" content=\"3 minutos\" \/>\n<script type=\"application\/ld+json\" class=\"yoast-schema-graph\">{\"@context\":\"https:\\\/\\\/schema.org\",\"@graph\":[{\"@type\":\"WebPage\",\"@id\":\"https:\\\/\\\/francanareal.com\\\/index.php\\\/termos-e-condicoes\\\/\",\"url\":\"https:\\\/\\\/francanareal.com\\\/index.php\\\/termos-e-condicoes\\\/\",\"name\":\"Termos e Condi\u00e7\u00f5es -\",\"isPartOf\":{\"@id\":\"https:\\\/\\\/francanareal.com\\\/#website\"},\"datePublished\":\"2024-01-04T12:52:40+00:00\",\"dateModified\":\"2024-03-14T12:53:30+00:00\",\"breadcrumb\":{\"@id\":\"https:\\\/\\\/francanareal.com\\\/index.php\\\/termos-e-condicoes\\\/#breadcrumb\"},\"inLanguage\":\"pt-BR\",\"potentialAction\":[{\"@type\":\"ReadAction\",\"target\":[\"https:\\\/\\\/francanareal.com\\\/index.php\\\/termos-e-condicoes\\\/\"]}]},{\"@type\":\"BreadcrumbList\",\"@id\":\"https:\\\/\\\/francanareal.com\\\/index.php\\\/termos-e-condicoes\\\/#breadcrumb\",\"itemListElement\":[{\"@type\":\"ListItem\",\"position\":1,\"name\":\"In\u00edcio\",\"item\":\"https:\\\/\\\/francanareal.com\\\/\"},{\"@type\":\"ListItem\",\"position\":2,\"name\":\"Termos e Condi\u00e7\u00f5es\"}]},{\"@type\":\"WebSite\",\"@id\":\"https:\\\/\\\/francanareal.com\\\/#website\",\"url\":\"https:\\\/\\\/francanareal.com\\\/\",\"name\":\"\",\"description\":\"\",\"potentialAction\":[{\"@type\":\"SearchAction\",\"target\":{\"@type\":\"EntryPoint\",\"urlTemplate\":\"https:\\\/\\\/francanareal.com\\\/?s={search_term_string}\"},\"query-input\":{\"@type\":\"PropertyValueSpecification\",\"valueRequired\":true,\"valueName\":\"search_term_string\"}}],\"inLanguage\":\"pt-BR\"}]}<\/script>\n<!-- \/ Yoast SEO plugin. -->","yoast_head_json":{"title":"Termos e Condi\u00e7\u00f5es -","robots":{"index":"index","follow":"follow","max-snippet":"max-snippet:-1","max-image-preview":"max-image-preview:large","max-video-preview":"max-video-preview:-1"},"canonical":"https:\/\/francanareal.com\/index.php\/termos-e-condicoes\/","og_locale":"pt_BR","og_type":"article","og_title":"Termos e Condi\u00e7\u00f5es -","og_description":"1. Termos Ao acessar o blog Fran\u00e7a na Reral voc\u00ea concorda em cumprir estes termos de servi\u00e7o\u200b\u200b, al\u00e9m de concordar que \u00e9 respons\u00e1vel pelo cumprimento de todas as leis locais aplic\u00e1veis. Se voc\u00ea n\u00e3o concordar com algum desses termos, est\u00e1 proibido de usar ou acessar este site. Os materiais aqui contidos s\u00e3o protegidos pelas leis de direitos autorais e marcas comerciais aplic\u00e1veis. 2. Uso de Licen\u00e7a \u00c9 concedida permiss\u00e3o para baixar temporariamente uma c\u00f3pia dos materiais (informa\u00e7\u00f5es ou software) no site, apenas para visualiza\u00e7\u00e3o transit\u00f3ria pessoal e n\u00e3o comercial. Esta \u00e9 a concess\u00e3o de uma licen\u00e7a, n\u00e3o uma transfer\u00eancia de t\u00edtulo e, sob esta licen\u00e7a voc\u00ea n\u00e3o pode: Esta licen\u00e7a ser\u00e1 automaticamente rescindida se voc\u00ea violar alguma dessas restri\u00e7\u00f5es. Ao encerrar a visualiza\u00e7\u00e3o desses materiais ou ap\u00f3s o t\u00e9rmino desta licen\u00e7a, voc\u00ea deve apagar todos os materiais baixados em sua posse, seja em formato eletr\u00f4nico ou impresso. 3. Isen\u00e7\u00e3o de responsabilidade Os materiais do site s\u00e3o fornecidos &#8216;como est\u00e3o&#8217;. N\u00e3o oferecemos garantias, expressas ou impl\u00edcitas, e, por este meio, isentamos e negamos todas as outras garantias acerca de condi\u00e7\u00f5es de comercializa\u00e7\u00e3o, adequa\u00e7\u00e3o a um fim espec\u00edfico ou n\u00e3o, viola\u00e7\u00e3o de propriedade intelectual ou outra viola\u00e7\u00e3o de direitos. Al\u00e9m disso, n\u00e3o garantimos ou fazemos qualquer representa\u00e7\u00e3o relativa \u00e0 precis\u00e3o, aos resultados prov\u00e1veis \u200b\u200bou \u00e0 confiabilidade do uso dos materiais no site ou de outra forma relacionado a esses materiais ou em sites vinculados ao blog Fran\u00e7a na Real. 4. Limita\u00e7\u00f5es Em nenhum caso seremos respons\u00e1veis \u200b\u200bpor quaisquer danos (incluindo, sem limita\u00e7\u00e3o, danos por perda de dados ou lucro ou devido a interrup\u00e7\u00e3o dos neg\u00f3cios) decorrentes do uso ou da incapacidade de usar os materiais, mesmo que um representante autorizado tenha sido notificado oralmente ou por escrito da possibilidade de tais danos. Como algumas jurisdi\u00e7\u00f5es n\u00e3o permitem limita\u00e7\u00f5es em garantias impl\u00edcitas ou limita\u00e7\u00f5es de responsabilidade por danos consequentes ou incidentais, essas limita\u00e7\u00f5es podem n\u00e3o se aplicar a voc\u00ea. 5. Precis\u00e3o dos materiais Os materiais exibidos no site podem incluir erros t\u00e9cnicos, tipogr\u00e1ficos ou fotogr\u00e1ficos. N\u00e3o garantimos que qualquer material seja preciso, completo ou atual. Podem ser feita altera\u00e7\u00f5es a qualquer momento, sem aviso pr\u00e9vio. No entanto, n\u00e3o nos comprometemos a atualizar os materiais. 6. Links O blog Fran\u00e7a na Real n\u00e3o analisou e nem \u00e9 respons\u00e1vel pelo conte\u00fado de nenhum site vinculado. A inclus\u00e3o de qualquer link n\u00e3o implica endosso. Dessa forma, o uso de qualquer site vinculado \u00e9 por conta e risco do usu\u00e1rio.","og_url":"https:\/\/francanareal.com\/index.php\/termos-e-condicoes\/","article_modified_time":"2024-03-14T12:53:30+00:00","twitter_card":"summary_large_image","twitter_misc":{"Est. tempo de leitura":"3 minutos"},"schema":{"@context":"https:\/\/schema.org","@graph":[{"@type":"WebPage","@id":"https:\/\/francanareal.com\/index.php\/termos-e-condicoes\/","url":"https:\/\/francanareal.com\/index.php\/termos-e-condicoes\/","name":"Termos e Condi\u00e7\u00f5es -","isPartOf":{"@id":"https:\/\/francanareal.com\/#website"},"datePublished":"2024-01-04T12:52:40+00:00","dateModified":"2024-03-14T12:53:30+00:00","breadcrumb":{"@id":"https:\/\/francanareal.com\/index.php\/termos-e-condicoes\/#breadcrumb"},"inLanguage":"pt-BR","potentialAction":[{"@type":"ReadAction","target":["https:\/\/francanareal.com\/index.php\/termos-e-condicoes\/"]}]},{"@type":"BreadcrumbList","@id":"https:\/\/francanareal.com\/index.php\/termos-e-condicoes\/#breadcrumb","itemListElement":[{"@type":"ListItem","position":1,"name":"In\u00edcio","item":"https:\/\/francanareal.com\/"},{"@type":"ListItem","position":2,"name":"Termos e Condi\u00e7\u00f5es"}]},{"@type":"WebSite","@id":"https:\/\/francanareal.com\/#website","url":"https:\/\/francanareal.com\/","name":"","description":"","potentialAction":[{"@type":"SearchAction","target":{"@type":"EntryPoint","urlTemplate":"https:\/\/francanareal.com\/?s={search_term_string}"},"query-input":{"@type":"PropertyValueSpecification","valueRequired":true,"valueName":"search_term_string"}}],"inLanguage":"pt-BR"}]}},"rttpg_featured_image_url":null,"rttpg_author":{"display_name":"Ivana","author_link":"https:\/\/francanareal.com\/index.php\/author\/francanareal-com\/"},"rttpg_comment":0,"rttpg_category":null,"rttpg_excerpt":"1. Termos Ao acessar o blog Fran\u00e7a na Reral voc\u00ea concorda em cumprir estes termos de servi\u00e7o\u200b\u200b, al\u00e9m de concordar que \u00e9 respons\u00e1vel pelo cumprimento de todas as leis locais aplic\u00e1veis. Se voc\u00ea n\u00e3o concordar com algum desses termos, est\u00e1 proibido de usar ou acessar este site. Os materiais aqui contidos s\u00e3o protegidos pelas leis&hellip;","_links":{"self":[{"href":"https:\/\/francanareal.com\/index.php\/wp-json\/wp\/v2\/pages\/37","targetHints":{"allow":["GET"]}}],"collection":[{"href":"https:\/\/francanareal.com\/index.php\/wp-json\/wp\/v2\/pages"}],"about":[{"href":"https:\/\/francanareal.com\/index.php\/wp-json\/wp\/v2\/types\/page"}],"author":[{"embeddable":true,"href":"https:\/\/francanareal.com\/index.php\/wp-json\/wp\/v2\/users\/1"}],"replies":[{"embeddable":true,"href":"https:\/\/francanareal.com\/index.php\/wp-json\/wp\/v2\/comments?post=37"}],"version-history":[{"count":0,"href":"https:\/\/francanareal.com\/index.php\/wp-json\/wp\/v2\/pages\/37\/revisions"}],"wp:attachment":[{"href":"https:\/\/francanareal.com\/index.php\/wp-json\/wp\/v2\/media?parent=37"}],"curies":[{"name":"wp","href":"https:\/\/api.w.org\/{rel}","templated":true}]}}