{"id":43,"date":"2024-01-04T10:26:52","date_gmt":"2024-01-04T13:26:52","guid":{"rendered":"https:\/\/francanareal.com\/?page_id=43"},"modified":"2024-03-14T09:43:37","modified_gmt":"2024-03-14T12:43:37","slug":"transparencia","status":"publish","type":"page","link":"https:\/\/francanareal.com\/index.php\/transparencia\/","title":{"rendered":"Transpar\u00eancia"},"content":{"rendered":"\n<p style=\"text-align: justify;\">Bem-vindo (a) a p\u00e1gina de transpar\u00eancia. Aqui, descrevemos detalhadamente as informa\u00e7\u00f5es sobre o funcionamento do blog Fran\u00e7a na Real. Mantemos o compromisso de sermos transparentes e confi\u00e1veis em todos os aspectos.<\/p>\n\n\n\n<h2 class=\"wp-block-heading\"><strong>1. Sobre o Blog<\/strong><\/h2>\n\n\n\n<p style=\"text-align: justify;\">O <strong>Fran\u00e7a na Real<\/strong> \u00e9 um espa\u00e7o online dedicado a oferecer informa\u00e7\u00f5es claras e acess\u00edveis sobre a Fran\u00e7a, abordando diversos aspectos desse pa\u00eds encantador, seja na arte, cultura, gastronomia, bem como o turismo e imigra\u00e7\u00e3o. O site foi totalmente desenvolvido e os artigos s\u00e3o escritos com imparcialidade e objetividade.<\/p>\n\n\n\n<h2 class=\"wp-block-heading\"><strong>2. Pol\u00edtica Editorial<\/strong><\/h2>\n\n\n\n<p style=\"text-align: justify;\">O conte\u00fado \u00e9 criado com base em princ\u00edpios \u00e9ticos e de precis\u00e3o. As decis\u00f5es editoriais s\u00e3o independentes de influ\u00eancias externas. Os temas s\u00e3o selecionados com base na relev\u00e2ncia para os leitores, buscando sempre a objetividade e imparcialidade.<\/p>\n\n\n\n<h2 class=\"wp-block-heading\"><strong>3. Isen\u00e7\u00e3o de Responsabilidade<\/strong><\/h2>\n\n\n\n<p style=\"text-align: justify;\">As informa\u00e7\u00f5es fornecidas neste blog s\u00e3o para fins informativos apenas. Os leitores devem consultar profissionais qualificados para obter orienta\u00e7\u00e3o espec\u00edfica sobre quest\u00f5es relacionadas a imigra\u00e7\u00e3o.<\/p>\n\n\n\n<h2 class=\"wp-block-heading\"><strong>4. Pol\u00edtica de Privacidade<\/strong><\/h2>\n\n\n\n<p style=\"text-align: justify;\">Consulte a p\u00e1gina de <strong><a href=\"https:\/\/francanareal.com\/index.php\/politica-de-privacidade-2\/\">Pol\u00edtica de Privacidade<\/a><\/strong> para entender acerca da coleta de dados, uso e prote\u00e7\u00e3o das suas informa\u00e7\u00f5es.<\/p>\n\n\n\n<h2 class=\"wp-block-heading\"><strong>5. Coment\u00e1rios e Interatividade<\/strong><\/h2>\n\n\n\n<p style=\"text-align: justify;\">Esse blog encoraja a participa\u00e7\u00e3o construtiva dos leitores nos coment\u00e1rios. No entanto, a Fundadora se reserva ao direito de moderar e remover coment\u00e1rios que violem as diretrizes ou que sejam inadequados.<\/p>\n\n\n\n<h2 class=\"wp-block-heading\"><strong>6. Contato<\/strong><\/h2>\n\n\n\n<p style=\"text-align: justify;\">Se voc\u00ea tiver d\u00favidas, sugest\u00f5es ou preocupa\u00e7\u00f5es, acesse a p\u00e1gina de <strong>Contato<\/strong>, ou envie um e-mail para contato@francanareal.com.<\/p>\n\n\n\n<h2 class=\"wp-block-heading\"><strong>7. Afiliados e Publicidade<\/strong><\/h2>\n\n\n\n<p style=\"text-align: justify;\">O conte\u00fado editorial \u00e9 produzido de forma independente, sem influ\u00eancia de qualquer patrocinador ou anunciante. Por\u00e9m, a Fundadora do blog est\u00e1 aberta a possibilidade utilizar programa de afiliados, exibir an\u00fancios relevantes e at\u00e9 mesmo fazer parcerias com o Google Adsense.<\/p>\n\n\n\n<h2 class=\"wp-block-heading\"><strong>8. Atualiza\u00e7\u00f5es e Altera\u00e7\u00f5es<\/strong><\/h2>\n\n\n\n<p style=\"text-align: justify;\">Esta p\u00e1gina ser\u00e1 atualizada sempre que for necess\u00e1rio e os leitores ser\u00e3o notificados sobre quaisquer altera\u00e7\u00f5es significativas. Consulte esta p\u00e1gina periodicamente para obter as informa\u00e7\u00f5es mais recentes.<\/p>\n\n\n\n<p style=\"text-align: justify;\">Obrigada por confiar no<strong> Fran\u00e7a na Real<\/strong>, um blog dedicado a fornecer conte\u00fado valioso e confi\u00e1vel sobre o pa\u00eds do queijo e vinho.<\/p>\n\n\n\n<p id=\"block-790e9473-4087-451b-89d5-bc067b726422\">Data da \u00faltima atualiza\u00e7\u00e3o: 04 de Janeiro de 2024.<\/p>\n\n\n\n<p id=\"block-5b8f0694-d2e0-4203-9e2a-1be14e99d193\">&nbsp;<\/p>\n","protected":false},"excerpt":{"rendered":"<p>Bem-vindo (a) a p\u00e1gina de transpar\u00eancia. Aqui, descrevemos detalhadamente as informa\u00e7\u00f5es sobre o funcionamento do blog Fran\u00e7a na Real. Mantemos o compromisso de sermos transparentes e confi\u00e1veis em todos os aspectos. 1. Sobre o Blog O Fran\u00e7a na Real \u00e9 um espa\u00e7o online dedicado a oferecer informa\u00e7\u00f5es claras e acess\u00edveis sobre a Fran\u00e7a, abordando diversos aspectos desse pa\u00eds encantador, seja na arte, cultura, gastronomia, bem como o turismo e imigra\u00e7\u00e3o. O site foi totalmente desenvolvido e os artigos s\u00e3o escritos com imparcialidade e objetividade. 2. Pol\u00edtica Editorial O conte\u00fado \u00e9 criado com base em princ\u00edpios \u00e9ticos e de precis\u00e3o. As decis\u00f5es editoriais s\u00e3o independentes de influ\u00eancias externas. Os temas s\u00e3o selecionados com base na relev\u00e2ncia para os leitores, buscando sempre a objetividade e imparcialidade. 3. Isen\u00e7\u00e3o de Responsabilidade As informa\u00e7\u00f5es fornecidas neste blog s\u00e3o para fins informativos apenas. Os leitores devem consultar profissionais qualificados para obter orienta\u00e7\u00e3o espec\u00edfica sobre quest\u00f5es relacionadas a imigra\u00e7\u00e3o. 4. Pol\u00edtica de Privacidade Consulte a p\u00e1gina de Pol\u00edtica de Privacidade para entender acerca da coleta de dados, uso e prote\u00e7\u00e3o das suas informa\u00e7\u00f5es. 5. Coment\u00e1rios e Interatividade Esse blog encoraja a participa\u00e7\u00e3o construtiva dos leitores nos coment\u00e1rios. No entanto, a Fundadora se reserva ao direito de moderar e remover coment\u00e1rios que violem as diretrizes ou que sejam inadequados. 6. Contato Se voc\u00ea tiver d\u00favidas, sugest\u00f5es ou preocupa\u00e7\u00f5es, acesse a p\u00e1gina de Contato, ou envie um e-mail para contato@francanareal.com. 7. Afiliados e Publicidade O conte\u00fado editorial \u00e9 produzido de forma independente, sem influ\u00eancia de qualquer patrocinador ou anunciante. Por\u00e9m, a Fundadora do blog est\u00e1 aberta a possibilidade utilizar programa de afiliados, exibir an\u00fancios relevantes e at\u00e9 mesmo fazer parcerias com o Google Adsense. 8. Atualiza\u00e7\u00f5es e Altera\u00e7\u00f5es Esta p\u00e1gina ser\u00e1 atualizada sempre que for necess\u00e1rio e os leitores ser\u00e3o notificados sobre quaisquer altera\u00e7\u00f5es significativas. Consulte esta p\u00e1gina periodicamente para obter as informa\u00e7\u00f5es mais recentes. Obrigada por confiar no Fran\u00e7a na Real, um blog dedicado a fornecer conte\u00fado valioso e confi\u00e1vel sobre o pa\u00eds do queijo e vinho. Data da \u00faltima atualiza\u00e7\u00e3o: 04 de Janeiro de 2024. &nbsp;<\/p>\n","protected":false},"author":1,"featured_media":0,"parent":0,"menu_order":0,"comment_status":"closed","ping_status":"closed","template":"","meta":{"site-sidebar-layout":"default","site-content-layout":"","ast-site-content-layout":"default","site-content-style":"default","site-sidebar-style":"default","ast-global-header-display":"","ast-banner-title-visibility":"","ast-main-header-display":"","ast-hfb-above-header-display":"","ast-hfb-below-header-display":"","ast-hfb-mobile-header-display":"","site-post-title":"","ast-breadcrumbs-content":"","ast-featured-img":"","footer-sml-layout":"","ast-disable-related-posts":"","theme-transparent-header-meta":"","adv-header-id-meta":"","stick-header-meta":"","header-above-stick-meta":"","header-main-stick-meta":"","header-below-stick-meta":"","astra-migrate-meta-layouts":"default","ast-page-background-enabled":"default","ast-page-background-meta":{"desktop":{"background-color":"var(--ast-global-color-4)","background-image":"","background-repeat":"repeat","background-position":"center center","background-size":"auto","background-attachment":"scroll","background-type":"","background-media":"","overlay-type":"","overlay-color":"","overlay-opacity":"","overlay-gradient":""},"tablet":{"background-color":"","background-image":"","background-repeat":"repeat","background-position":"center center","background-size":"auto","background-attachment":"scroll","background-type":"","background-media":"","overlay-type":"","overlay-color":"","overlay-opacity":"","overlay-gradient":""},"mobile":{"background-color":"","background-image":"","background-repeat":"repeat","background-position":"center center","background-size":"auto","background-attachment":"scroll","background-type":"","background-media":"","overlay-type":"","overlay-color":"","overlay-opacity":"","overlay-gradient":""}},"ast-content-background-meta":{"desktop":{"background-color":"var(--ast-global-color-5)","background-image":"","background-repeat":"repeat","background-position":"center center","background-size":"auto","background-attachment":"scroll","background-type":"","background-media":"","overlay-type":"","overlay-color":"","overlay-opacity":"","overlay-gradient":""},"tablet":{"background-color":"var(--ast-global-color-5)","background-image":"","background-repeat":"repeat","background-position":"center center","background-size":"auto","background-attachment":"scroll","background-type":"","background-media":"","overlay-type":"","overlay-color":"","overlay-opacity":"","overlay-gradient":""},"mobile":{"background-color":"var(--ast-global-color-5)","background-image":"","background-repeat":"repeat","background-position":"center center","background-size":"auto","background-attachment":"scroll","background-type":"","background-media":"","overlay-type":"","overlay-color":"","overlay-opacity":"","overlay-gradient":""}},"footnotes":""},"class_list":["post-43","page","type-page","status-publish","hentry"],"yoast_head":"<!-- This site is optimized with the Yoast SEO plugin v27.3 - https:\/\/yoast.com\/product\/yoast-seo-wordpress\/ -->\n<title>Transpar\u00eancia -<\/title>\n<meta name=\"robots\" content=\"index, follow, max-snippet:-1, max-image-preview:large, max-video-preview:-1\" \/>\n<link rel=\"canonical\" href=\"https:\/\/francanareal.com\/index.php\/transparencia\/\" \/>\n<meta property=\"og:locale\" content=\"pt_BR\" \/>\n<meta property=\"og:type\" content=\"article\" \/>\n<meta property=\"og:title\" content=\"Transpar\u00eancia -\" \/>\n<meta property=\"og:description\" content=\"Bem-vindo (a) a p\u00e1gina de transpar\u00eancia. Aqui, descrevemos detalhadamente as informa\u00e7\u00f5es sobre o funcionamento do blog Fran\u00e7a na Real. Mantemos o compromisso de sermos transparentes e confi\u00e1veis em todos os aspectos. 1. Sobre o Blog O Fran\u00e7a na Real \u00e9 um espa\u00e7o online dedicado a oferecer informa\u00e7\u00f5es claras e acess\u00edveis sobre a Fran\u00e7a, abordando diversos aspectos desse pa\u00eds encantador, seja na arte, cultura, gastronomia, bem como o turismo e imigra\u00e7\u00e3o. O site foi totalmente desenvolvido e os artigos s\u00e3o escritos com imparcialidade e objetividade. 2. Pol\u00edtica Editorial O conte\u00fado \u00e9 criado com base em princ\u00edpios \u00e9ticos e de precis\u00e3o. As decis\u00f5es editoriais s\u00e3o independentes de influ\u00eancias externas. Os temas s\u00e3o selecionados com base na relev\u00e2ncia para os leitores, buscando sempre a objetividade e imparcialidade. 3. Isen\u00e7\u00e3o de Responsabilidade As informa\u00e7\u00f5es fornecidas neste blog s\u00e3o para fins informativos apenas. Os leitores devem consultar profissionais qualificados para obter orienta\u00e7\u00e3o espec\u00edfica sobre quest\u00f5es relacionadas a imigra\u00e7\u00e3o. 4. Pol\u00edtica de Privacidade Consulte a p\u00e1gina de Pol\u00edtica de Privacidade para entender acerca da coleta de dados, uso e prote\u00e7\u00e3o das suas informa\u00e7\u00f5es. 5. Coment\u00e1rios e Interatividade Esse blog encoraja a participa\u00e7\u00e3o construtiva dos leitores nos coment\u00e1rios. No entanto, a Fundadora se reserva ao direito de moderar e remover coment\u00e1rios que violem as diretrizes ou que sejam inadequados. 6. Contato Se voc\u00ea tiver d\u00favidas, sugest\u00f5es ou preocupa\u00e7\u00f5es, acesse a p\u00e1gina de Contato, ou envie um e-mail para contato@francanareal.com. 7. Afiliados e Publicidade O conte\u00fado editorial \u00e9 produzido de forma independente, sem influ\u00eancia de qualquer patrocinador ou anunciante. Por\u00e9m, a Fundadora do blog est\u00e1 aberta a possibilidade utilizar programa de afiliados, exibir an\u00fancios relevantes e at\u00e9 mesmo fazer parcerias com o Google Adsense. 8. Atualiza\u00e7\u00f5es e Altera\u00e7\u00f5es Esta p\u00e1gina ser\u00e1 atualizada sempre que for necess\u00e1rio e os leitores ser\u00e3o notificados sobre quaisquer altera\u00e7\u00f5es significativas. Consulte esta p\u00e1gina periodicamente para obter as informa\u00e7\u00f5es mais recentes. Obrigada por confiar no Fran\u00e7a na Real, um blog dedicado a fornecer conte\u00fado valioso e confi\u00e1vel sobre o pa\u00eds do queijo e vinho. Data da \u00faltima atualiza\u00e7\u00e3o: 04 de Janeiro de 2024. &nbsp;\" \/>\n<meta property=\"og:url\" content=\"https:\/\/francanareal.com\/index.php\/transparencia\/\" \/>\n<meta property=\"article:modified_time\" content=\"2024-03-14T12:43:37+00:00\" \/>\n<meta name=\"twitter:card\" content=\"summary_large_image\" \/>\n<meta name=\"twitter:label1\" content=\"Est. tempo de leitura\" \/>\n\t<meta name=\"twitter:data1\" content=\"2 minutos\" \/>\n<script type=\"application\/ld+json\" class=\"yoast-schema-graph\">{\"@context\":\"https:\\\/\\\/schema.org\",\"@graph\":[{\"@type\":\"WebPage\",\"@id\":\"https:\\\/\\\/francanareal.com\\\/index.php\\\/transparencia\\\/\",\"url\":\"https:\\\/\\\/francanareal.com\\\/index.php\\\/transparencia\\\/\",\"name\":\"Transpar\u00eancia -\",\"isPartOf\":{\"@id\":\"https:\\\/\\\/francanareal.com\\\/#website\"},\"datePublished\":\"2024-01-04T13:26:52+00:00\",\"dateModified\":\"2024-03-14T12:43:37+00:00\",\"breadcrumb\":{\"@id\":\"https:\\\/\\\/francanareal.com\\\/index.php\\\/transparencia\\\/#breadcrumb\"},\"inLanguage\":\"pt-BR\",\"potentialAction\":[{\"@type\":\"ReadAction\",\"target\":[\"https:\\\/\\\/francanareal.com\\\/index.php\\\/transparencia\\\/\"]}]},{\"@type\":\"BreadcrumbList\",\"@id\":\"https:\\\/\\\/francanareal.com\\\/index.php\\\/transparencia\\\/#breadcrumb\",\"itemListElement\":[{\"@type\":\"ListItem\",\"position\":1,\"name\":\"In\u00edcio\",\"item\":\"https:\\\/\\\/francanareal.com\\\/\"},{\"@type\":\"ListItem\",\"position\":2,\"name\":\"Transpar\u00eancia\"}]},{\"@type\":\"WebSite\",\"@id\":\"https:\\\/\\\/francanareal.com\\\/#website\",\"url\":\"https:\\\/\\\/francanareal.com\\\/\",\"name\":\"\",\"description\":\"\",\"potentialAction\":[{\"@type\":\"SearchAction\",\"target\":{\"@type\":\"EntryPoint\",\"urlTemplate\":\"https:\\\/\\\/francanareal.com\\\/?s={search_term_string}\"},\"query-input\":{\"@type\":\"PropertyValueSpecification\",\"valueRequired\":true,\"valueName\":\"search_term_string\"}}],\"inLanguage\":\"pt-BR\"}]}<\/script>\n<!-- \/ Yoast SEO plugin. -->","yoast_head_json":{"title":"Transpar\u00eancia -","robots":{"index":"index","follow":"follow","max-snippet":"max-snippet:-1","max-image-preview":"max-image-preview:large","max-video-preview":"max-video-preview:-1"},"canonical":"https:\/\/francanareal.com\/index.php\/transparencia\/","og_locale":"pt_BR","og_type":"article","og_title":"Transpar\u00eancia -","og_description":"Bem-vindo (a) a p\u00e1gina de transpar\u00eancia. Aqui, descrevemos detalhadamente as informa\u00e7\u00f5es sobre o funcionamento do blog Fran\u00e7a na Real. Mantemos o compromisso de sermos transparentes e confi\u00e1veis em todos os aspectos. 1. Sobre o Blog O Fran\u00e7a na Real \u00e9 um espa\u00e7o online dedicado a oferecer informa\u00e7\u00f5es claras e acess\u00edveis sobre a Fran\u00e7a, abordando diversos aspectos desse pa\u00eds encantador, seja na arte, cultura, gastronomia, bem como o turismo e imigra\u00e7\u00e3o. O site foi totalmente desenvolvido e os artigos s\u00e3o escritos com imparcialidade e objetividade. 2. Pol\u00edtica Editorial O conte\u00fado \u00e9 criado com base em princ\u00edpios \u00e9ticos e de precis\u00e3o. As decis\u00f5es editoriais s\u00e3o independentes de influ\u00eancias externas. Os temas s\u00e3o selecionados com base na relev\u00e2ncia para os leitores, buscando sempre a objetividade e imparcialidade. 3. Isen\u00e7\u00e3o de Responsabilidade As informa\u00e7\u00f5es fornecidas neste blog s\u00e3o para fins informativos apenas. Os leitores devem consultar profissionais qualificados para obter orienta\u00e7\u00e3o espec\u00edfica sobre quest\u00f5es relacionadas a imigra\u00e7\u00e3o. 4. Pol\u00edtica de Privacidade Consulte a p\u00e1gina de Pol\u00edtica de Privacidade para entender acerca da coleta de dados, uso e prote\u00e7\u00e3o das suas informa\u00e7\u00f5es. 5. Coment\u00e1rios e Interatividade Esse blog encoraja a participa\u00e7\u00e3o construtiva dos leitores nos coment\u00e1rios. No entanto, a Fundadora se reserva ao direito de moderar e remover coment\u00e1rios que violem as diretrizes ou que sejam inadequados. 6. Contato Se voc\u00ea tiver d\u00favidas, sugest\u00f5es ou preocupa\u00e7\u00f5es, acesse a p\u00e1gina de Contato, ou envie um e-mail para contato@francanareal.com. 7. Afiliados e Publicidade O conte\u00fado editorial \u00e9 produzido de forma independente, sem influ\u00eancia de qualquer patrocinador ou anunciante. Por\u00e9m, a Fundadora do blog est\u00e1 aberta a possibilidade utilizar programa de afiliados, exibir an\u00fancios relevantes e at\u00e9 mesmo fazer parcerias com o Google Adsense. 8. Atualiza\u00e7\u00f5es e Altera\u00e7\u00f5es Esta p\u00e1gina ser\u00e1 atualizada sempre que for necess\u00e1rio e os leitores ser\u00e3o notificados sobre quaisquer altera\u00e7\u00f5es significativas. Consulte esta p\u00e1gina periodicamente para obter as informa\u00e7\u00f5es mais recentes. Obrigada por confiar no Fran\u00e7a na Real, um blog dedicado a fornecer conte\u00fado valioso e confi\u00e1vel sobre o pa\u00eds do queijo e vinho. Data da \u00faltima atualiza\u00e7\u00e3o: 04 de Janeiro de 2024. &nbsp;","og_url":"https:\/\/francanareal.com\/index.php\/transparencia\/","article_modified_time":"2024-03-14T12:43:37+00:00","twitter_card":"summary_large_image","twitter_misc":{"Est. tempo de leitura":"2 minutos"},"schema":{"@context":"https:\/\/schema.org","@graph":[{"@type":"WebPage","@id":"https:\/\/francanareal.com\/index.php\/transparencia\/","url":"https:\/\/francanareal.com\/index.php\/transparencia\/","name":"Transpar\u00eancia -","isPartOf":{"@id":"https:\/\/francanareal.com\/#website"},"datePublished":"2024-01-04T13:26:52+00:00","dateModified":"2024-03-14T12:43:37+00:00","breadcrumb":{"@id":"https:\/\/francanareal.com\/index.php\/transparencia\/#breadcrumb"},"inLanguage":"pt-BR","potentialAction":[{"@type":"ReadAction","target":["https:\/\/francanareal.com\/index.php\/transparencia\/"]}]},{"@type":"BreadcrumbList","@id":"https:\/\/francanareal.com\/index.php\/transparencia\/#breadcrumb","itemListElement":[{"@type":"ListItem","position":1,"name":"In\u00edcio","item":"https:\/\/francanareal.com\/"},{"@type":"ListItem","position":2,"name":"Transpar\u00eancia"}]},{"@type":"WebSite","@id":"https:\/\/francanareal.com\/#website","url":"https:\/\/francanareal.com\/","name":"","description":"","potentialAction":[{"@type":"SearchAction","target":{"@type":"EntryPoint","urlTemplate":"https:\/\/francanareal.com\/?s={search_term_string}"},"query-input":{"@type":"PropertyValueSpecification","valueRequired":true,"valueName":"search_term_string"}}],"inLanguage":"pt-BR"}]}},"rttpg_featured_image_url":null,"rttpg_author":{"display_name":"Ivana","author_link":"https:\/\/francanareal.com\/index.php\/author\/francanareal-com\/"},"rttpg_comment":0,"rttpg_category":null,"rttpg_excerpt":"Bem-vindo (a) a p\u00e1gina de transpar\u00eancia. Aqui, descrevemos detalhadamente as informa\u00e7\u00f5es sobre o funcionamento do blog Fran\u00e7a na Real. Mantemos o compromisso de sermos transparentes e confi\u00e1veis em todos os aspectos. 1. Sobre o Blog O Fran\u00e7a na Real \u00e9 um espa\u00e7o online dedicado a oferecer informa\u00e7\u00f5es claras e acess\u00edveis sobre a Fran\u00e7a, abordando diversos&hellip;","_links":{"self":[{"href":"https:\/\/francanareal.com\/index.php\/wp-json\/wp\/v2\/pages\/43","targetHints":{"allow":["GET"]}}],"collection":[{"href":"https:\/\/francanareal.com\/index.php\/wp-json\/wp\/v2\/pages"}],"about":[{"href":"https:\/\/francanareal.com\/index.php\/wp-json\/wp\/v2\/types\/page"}],"author":[{"embeddable":true,"href":"https:\/\/francanareal.com\/index.php\/wp-json\/wp\/v2\/users\/1"}],"replies":[{"embeddable":true,"href":"https:\/\/francanareal.com\/index.php\/wp-json\/wp\/v2\/comments?post=43"}],"version-history":[{"count":0,"href":"https:\/\/francanareal.com\/index.php\/wp-json\/wp\/v2\/pages\/43\/revisions"}],"wp:attachment":[{"href":"https:\/\/francanareal.com\/index.php\/wp-json\/wp\/v2\/media?parent=43"}],"curies":[{"name":"wp","href":"https:\/\/api.w.org\/{rel}","templated":true}]}}