{"id":60,"date":"2024-01-05T04:10:07","date_gmt":"2024-01-05T07:10:07","guid":{"rendered":"https:\/\/francanareal.com\/?page_id=60"},"modified":"2024-06-24T13:23:43","modified_gmt":"2024-06-24T16:23:43","slug":"contato-2","status":"publish","type":"page","link":"https:\/\/francanareal.com\/index.php\/contato-2\/","title":{"rendered":"Contato"},"content":{"rendered":"\n<p>Aqui \u00e9 o nosso cantinho de bate-papo, e eu estou aqui pronta para te ouvir. Ent\u00e3o, o que voc\u00ea precisa? Vamos conversar!<\/p>\n\n\n\n<figure class=\"wp-block-image alignleft size-large is-resized\"><img fetchpriority=\"high\" decoding=\"async\" width=\"1024\" height=\"726\" src=\"https:\/\/francanareal.com\/wp-content\/uploads\/2024\/06\/Carte-Postale-1024x726.png\" alt=\"\" class=\"wp-image-897\" style=\"width:329px;height:auto\"\/><\/figure>\n\n\n<div class=\"wpforms-container wpforms-container-full wpforms-block wpforms-block-3eb02a5d-fbfb-4871-98b5-7edfd3f703f1 wpforms-render-modern\" id=\"wpforms-39\"><form id=\"wpforms-form-39\" class=\"wpforms-validate wpforms-form wpforms-ajax-form\" data-formid=\"39\" method=\"post\" enctype=\"multipart\/form-data\" action=\"\/index.php\/wp-json\/wp\/v2\/pages\/60\" data-token=\"f6900bae5b89d97dc88800457cf30b44\" data-token-time=\"1778501146\"><noscript class=\"wpforms-error-noscript\">Ative o JavaScript no seu navegador para preencher este formul\u00e1rio.<\/noscript><div id=\"wpforms-error-noscript\" style=\"display: none;\">Ative o JavaScript no seu navegador para preencher este formul\u00e1rio.<\/div><div class=\"wpforms-field-container\"><div id=\"wpforms-39-field_0-container\" class=\"wpforms-field wpforms-field-name\" data-field-id=\"0\"><label class=\"wpforms-field-label\" for=\"wpforms-39-field_0\">Nome <span class=\"wpforms-required-label\" aria-hidden=\"true\">*<\/span><\/label><input type=\"text\" id=\"wpforms-39-field_0\" class=\"wpforms-field-medium wpforms-field-required\" name=\"wpforms[fields][0]\" aria-errormessage=\"wpforms-39-field_0-error\" required><\/div><div id=\"wpforms-39-field_1-container\" class=\"wpforms-field wpforms-field-email\" data-field-id=\"1\"><label class=\"wpforms-field-label\" for=\"wpforms-39-field_1\">E-mail <span class=\"wpforms-required-label\" aria-hidden=\"true\">*<\/span><\/label><input type=\"email\" id=\"wpforms-39-field_1\" class=\"wpforms-field-medium wpforms-field-required\" name=\"wpforms[fields][1]\" spellcheck=\"false\" aria-errormessage=\"wpforms-39-field_1-error\" required><\/div><div id=\"wpforms-39-field_2-container\" class=\"wpforms-field wpforms-field-textarea\" data-field-id=\"2\"><label class=\"wpforms-field-label\" for=\"wpforms-39-field_2\">Escreva aqui sua mensagem<\/label><textarea id=\"wpforms-39-field_2\" class=\"wpforms-field-medium\" name=\"wpforms[fields][2]\" aria-errormessage=\"wpforms-39-field_2-error\" aria-describedby=\"wpforms-39-field_2-description\" ><\/textarea><div id=\"wpforms-39-field_2-description\" class=\"wpforms-field-description\">Se desejar envie um e-mail diretamente para contato@francanareal.com<\/div><\/div><\/div><!-- .wpforms-field-container -->\r\n\t\t\t<script>\r\n\t\t\tif ( typeof huOptions !== 'undefined' ) {\r\n\t\t\t\tvar huFormData = {\"source\":\"wpforms\",\"id\":39,\"title\":\"Contato\",\"fields\":{\"subject\":{\"first_name\":\"\",\"last_name\":\"\"}}};\r\n\t\t\t\tvar huFormNode = document.querySelector( '[id=\"wpforms-39\"] form' );\r\n\r\n\t\t\t\tvar firstName = huFormNode.querySelector( 'input.wpforms-field-name-first' );\r\n\t\t\t\tvar lastName = huFormNode.querySelector( 'input.wpforms-field-name-last' );\r\n\r\n\t\t\t\tif ( firstName )\r\n\t\t\t\t\thuFormData['fields']['subject']['first_name'] = firstName.getAttribute( 'name' );\r\n\r\n\t\t\t\tif ( lastName )\r\n\t\t\t\t\thuFormData['fields']['subject']['last_name'] = lastName.getAttribute( 'name' );\r\n\r\n\t\t\t\thuFormData['node'] = huFormNode;\r\n\t\t\t\thuOptions['forms'].push( huFormData );\r\n\t\t\t}\r\n\t\t\t<\/script><div class=\"wpforms-submit-container\" ><input type=\"hidden\" name=\"wpforms[id]\" value=\"39\"><input type=\"hidden\" name=\"page_title\" value=\"\"><input type=\"hidden\" name=\"page_url\" value=\"https:\/\/francanareal.com\/index.php\/wp-json\/wp\/v2\/pages\/60\"><input type=\"hidden\" name=\"url_referer\" value=\"\"><button type=\"submit\" name=\"wpforms[submit]\" id=\"wpforms-submit-39\" class=\"wpforms-submit\" data-alt-text=\"Enviando\u2026\" data-submit-text=\"Enviar\" aria-live=\"assertive\" value=\"wpforms-submit\">Enviar<\/button><img decoding=\"async\" src=\"https:\/\/francanareal.com\/wp-content\/plugins\/wpforms-lite\/assets\/images\/submit-spin.svg\" class=\"wpforms-submit-spinner\" style=\"display: none;\" width=\"26\" height=\"26\" alt=\"Carregando\"><\/div><\/form><\/div>  <!-- .wpforms-container -->","protected":false},"excerpt":{"rendered":"<p>Aqui \u00e9 o nosso cantinho de bate-papo, e eu estou aqui pronta para te ouvir. Ent\u00e3o, o que voc\u00ea precisa? Vamos conversar!<\/p>\n","protected":false},"author":1,"featured_media":0,"parent":0,"menu_order":0,"comment_status":"closed","ping_status":"closed","template":"","meta":{"site-sidebar-layout":"default","site-content-layout":"","ast-site-content-layout":"default","site-content-style":"default","site-sidebar-style":"default","ast-global-header-display":"","ast-banner-title-visibility":"","ast-main-header-display":"","ast-hfb-above-header-display":"","ast-hfb-below-header-display":"","ast-hfb-mobile-header-display":"","site-post-title":"","ast-breadcrumbs-content":"","ast-featured-img":"","footer-sml-layout":"","ast-disable-related-posts":"","theme-transparent-header-meta":"","adv-header-id-meta":"","stick-header-meta":"","header-above-stick-meta":"","header-main-stick-meta":"","header-below-stick-meta":"","astra-migrate-meta-layouts":"default","ast-page-background-enabled":"default","ast-page-background-meta":{"desktop":{"background-color":"var(--ast-global-color-4)","background-image":"","background-repeat":"repeat","background-position":"center center","background-size":"auto","background-attachment":"scroll","background-type":"","background-media":"","overlay-type":"","overlay-color":"","overlay-opacity":"","overlay-gradient":""},"tablet":{"background-color":"","background-image":"","background-repeat":"repeat","background-position":"center center","background-size":"auto","background-attachment":"scroll","background-type":"","background-media":"","overlay-type":"","overlay-color":"","overlay-opacity":"","overlay-gradient":""},"mobile":{"background-color":"","background-image":"","background-repeat":"repeat","background-position":"center center","background-size":"auto","background-attachment":"scroll","background-type":"","background-media":"","overlay-type":"","overlay-color":"","overlay-opacity":"","overlay-gradient":""}},"ast-content-background-meta":{"desktop":{"background-color":"var(--ast-global-color-5)","background-image":"","background-repeat":"repeat","background-position":"center center","background-size":"auto","background-attachment":"scroll","background-type":"","background-media":"","overlay-type":"","overlay-color":"","overlay-opacity":"","overlay-gradient":""},"tablet":{"background-color":"var(--ast-global-color-5)","background-image":"","background-repeat":"repeat","background-position":"center center","background-size":"auto","background-attachment":"scroll","background-type":"","background-media":"","overlay-type":"","overlay-color":"","overlay-opacity":"","overlay-gradient":""},"mobile":{"background-color":"var(--ast-global-color-5)","background-image":"","background-repeat":"repeat","background-position":"center center","background-size":"auto","background-attachment":"scroll","background-type":"","background-media":"","overlay-type":"","overlay-color":"","overlay-opacity":"","overlay-gradient":""}},"footnotes":""},"class_list":["post-60","page","type-page","status-publish","hentry"],"yoast_head":"<!-- This site is optimized with the Yoast SEO plugin v27.3 - https:\/\/yoast.com\/product\/yoast-seo-wordpress\/ -->\n<title>Contato -<\/title>\n<meta name=\"robots\" content=\"index, follow, max-snippet:-1, max-image-preview:large, max-video-preview:-1\" \/>\n<link rel=\"canonical\" href=\"https:\/\/francanareal.com\/index.php\/contato-2\/\" \/>\n<meta property=\"og:locale\" content=\"pt_BR\" \/>\n<meta property=\"og:type\" content=\"article\" \/>\n<meta property=\"og:title\" content=\"Contato -\" \/>\n<meta property=\"og:description\" content=\"Aqui \u00e9 o nosso cantinho de bate-papo, e eu estou aqui pronta para te ouvir. Ent\u00e3o, o que voc\u00ea precisa? Vamos conversar!\" \/>\n<meta property=\"og:url\" content=\"https:\/\/francanareal.com\/index.php\/contato-2\/\" \/>\n<meta property=\"article:modified_time\" content=\"2024-06-24T16:23:43+00:00\" \/>\n<meta property=\"og:image\" content=\"https:\/\/francanareal.com\/wp-content\/uploads\/2024\/06\/Carte-Postale-1024x726.png\" \/>\n<meta name=\"twitter:card\" content=\"summary_large_image\" \/>\n<meta name=\"twitter:label1\" content=\"Est. tempo de leitura\" \/>\n\t<meta name=\"twitter:data1\" content=\"1 minuto\" \/>\n<script type=\"application\/ld+json\" class=\"yoast-schema-graph\">{\"@context\":\"https:\\\/\\\/schema.org\",\"@graph\":[{\"@type\":\"WebPage\",\"@id\":\"https:\\\/\\\/francanareal.com\\\/index.php\\\/contato-2\\\/\",\"url\":\"https:\\\/\\\/francanareal.com\\\/index.php\\\/contato-2\\\/\",\"name\":\"Contato -\",\"isPartOf\":{\"@id\":\"https:\\\/\\\/francanareal.com\\\/#website\"},\"primaryImageOfPage\":{\"@id\":\"https:\\\/\\\/francanareal.com\\\/index.php\\\/contato-2\\\/#primaryimage\"},\"image\":{\"@id\":\"https:\\\/\\\/francanareal.com\\\/index.php\\\/contato-2\\\/#primaryimage\"},\"thumbnailUrl\":\"https:\\\/\\\/francanareal.com\\\/wp-content\\\/uploads\\\/2024\\\/06\\\/Carte-Postale-1024x726.png\",\"datePublished\":\"2024-01-05T07:10:07+00:00\",\"dateModified\":\"2024-06-24T16:23:43+00:00\",\"breadcrumb\":{\"@id\":\"https:\\\/\\\/francanareal.com\\\/index.php\\\/contato-2\\\/#breadcrumb\"},\"inLanguage\":\"pt-BR\",\"potentialAction\":[{\"@type\":\"ReadAction\",\"target\":[\"https:\\\/\\\/francanareal.com\\\/index.php\\\/contato-2\\\/\"]}]},{\"@type\":\"ImageObject\",\"inLanguage\":\"pt-BR\",\"@id\":\"https:\\\/\\\/francanareal.com\\\/index.php\\\/contato-2\\\/#primaryimage\",\"url\":\"https:\\\/\\\/francanareal.com\\\/wp-content\\\/uploads\\\/2024\\\/06\\\/Carte-Postale-e1719245392608.png\",\"contentUrl\":\"https:\\\/\\\/francanareal.com\\\/wp-content\\\/uploads\\\/2024\\\/06\\\/Carte-Postale-e1719245392608.png\",\"width\":500,\"height\":355},{\"@type\":\"BreadcrumbList\",\"@id\":\"https:\\\/\\\/francanareal.com\\\/index.php\\\/contato-2\\\/#breadcrumb\",\"itemListElement\":[{\"@type\":\"ListItem\",\"position\":1,\"name\":\"In\u00edcio\",\"item\":\"https:\\\/\\\/francanareal.com\\\/\"},{\"@type\":\"ListItem\",\"position\":2,\"name\":\"Contato\"}]},{\"@type\":\"WebSite\",\"@id\":\"https:\\\/\\\/francanareal.com\\\/#website\",\"url\":\"https:\\\/\\\/francanareal.com\\\/\",\"name\":\"\",\"description\":\"\",\"potentialAction\":[{\"@type\":\"SearchAction\",\"target\":{\"@type\":\"EntryPoint\",\"urlTemplate\":\"https:\\\/\\\/francanareal.com\\\/?s={search_term_string}\"},\"query-input\":{\"@type\":\"PropertyValueSpecification\",\"valueRequired\":true,\"valueName\":\"search_term_string\"}}],\"inLanguage\":\"pt-BR\"}]}<\/script>\n<!-- \/ Yoast SEO plugin. -->","yoast_head_json":{"title":"Contato -","robots":{"index":"index","follow":"follow","max-snippet":"max-snippet:-1","max-image-preview":"max-image-preview:large","max-video-preview":"max-video-preview:-1"},"canonical":"https:\/\/francanareal.com\/index.php\/contato-2\/","og_locale":"pt_BR","og_type":"article","og_title":"Contato -","og_description":"Aqui \u00e9 o nosso cantinho de bate-papo, e eu estou aqui pronta para te ouvir. Ent\u00e3o, o que voc\u00ea precisa? Vamos conversar!","og_url":"https:\/\/francanareal.com\/index.php\/contato-2\/","article_modified_time":"2024-06-24T16:23:43+00:00","og_image":[{"url":"https:\/\/francanareal.com\/wp-content\/uploads\/2024\/06\/Carte-Postale-1024x726.png","type":"","width":"","height":""}],"twitter_card":"summary_large_image","twitter_misc":{"Est. tempo de leitura":"1 minuto"},"schema":{"@context":"https:\/\/schema.org","@graph":[{"@type":"WebPage","@id":"https:\/\/francanareal.com\/index.php\/contato-2\/","url":"https:\/\/francanareal.com\/index.php\/contato-2\/","name":"Contato -","isPartOf":{"@id":"https:\/\/francanareal.com\/#website"},"primaryImageOfPage":{"@id":"https:\/\/francanareal.com\/index.php\/contato-2\/#primaryimage"},"image":{"@id":"https:\/\/francanareal.com\/index.php\/contato-2\/#primaryimage"},"thumbnailUrl":"https:\/\/francanareal.com\/wp-content\/uploads\/2024\/06\/Carte-Postale-1024x726.png","datePublished":"2024-01-05T07:10:07+00:00","dateModified":"2024-06-24T16:23:43+00:00","breadcrumb":{"@id":"https:\/\/francanareal.com\/index.php\/contato-2\/#breadcrumb"},"inLanguage":"pt-BR","potentialAction":[{"@type":"ReadAction","target":["https:\/\/francanareal.com\/index.php\/contato-2\/"]}]},{"@type":"ImageObject","inLanguage":"pt-BR","@id":"https:\/\/francanareal.com\/index.php\/contato-2\/#primaryimage","url":"https:\/\/francanareal.com\/wp-content\/uploads\/2024\/06\/Carte-Postale-e1719245392608.png","contentUrl":"https:\/\/francanareal.com\/wp-content\/uploads\/2024\/06\/Carte-Postale-e1719245392608.png","width":500,"height":355},{"@type":"BreadcrumbList","@id":"https:\/\/francanareal.com\/index.php\/contato-2\/#breadcrumb","itemListElement":[{"@type":"ListItem","position":1,"name":"In\u00edcio","item":"https:\/\/francanareal.com\/"},{"@type":"ListItem","position":2,"name":"Contato"}]},{"@type":"WebSite","@id":"https:\/\/francanareal.com\/#website","url":"https:\/\/francanareal.com\/","name":"","description":"","potentialAction":[{"@type":"SearchAction","target":{"@type":"EntryPoint","urlTemplate":"https:\/\/francanareal.com\/?s={search_term_string}"},"query-input":{"@type":"PropertyValueSpecification","valueRequired":true,"valueName":"search_term_string"}}],"inLanguage":"pt-BR"}]}},"rttpg_featured_image_url":null,"rttpg_author":{"display_name":"Ivana","author_link":"https:\/\/francanareal.com\/index.php\/author\/francanareal-com\/"},"rttpg_comment":0,"rttpg_category":null,"rttpg_excerpt":"Aqui \u00e9 o nosso cantinho de bate-papo, e eu estou aqui pronta para te ouvir. Ent\u00e3o, o que voc\u00ea precisa? Vamos conversar!","_links":{"self":[{"href":"https:\/\/francanareal.com\/index.php\/wp-json\/wp\/v2\/pages\/60","targetHints":{"allow":["GET"]}}],"collection":[{"href":"https:\/\/francanareal.com\/index.php\/wp-json\/wp\/v2\/pages"}],"about":[{"href":"https:\/\/francanareal.com\/index.php\/wp-json\/wp\/v2\/types\/page"}],"author":[{"embeddable":true,"href":"https:\/\/francanareal.com\/index.php\/wp-json\/wp\/v2\/users\/1"}],"replies":[{"embeddable":true,"href":"https:\/\/francanareal.com\/index.php\/wp-json\/wp\/v2\/comments?post=60"}],"version-history":[{"count":3,"href":"https:\/\/francanareal.com\/index.php\/wp-json\/wp\/v2\/pages\/60\/revisions"}],"predecessor-version":[{"id":901,"href":"https:\/\/francanareal.com\/index.php\/wp-json\/wp\/v2\/pages\/60\/revisions\/901"}],"wp:attachment":[{"href":"https:\/\/francanareal.com\/index.php\/wp-json\/wp\/v2\/media?parent=60"}],"curies":[{"name":"wp","href":"https:\/\/api.w.org\/{rel}","templated":true}]}}