{"id":65,"date":"2024-01-05T04:41:47","date_gmt":"2024-01-05T07:41:47","guid":{"rendered":"https:\/\/francanareal.com\/?page_id=65"},"modified":"2024-07-18T17:05:47","modified_gmt":"2024-07-18T20:05:47","slug":"sobre-a-autora","status":"publish","type":"page","link":"https:\/\/francanareal.com\/index.php\/sobre-a-autora\/","title":{"rendered":"Sobre a autora"},"content":{"rendered":"\n<figure class=\"wp-block-image alignleft size-large is-resized\"><img fetchpriority=\"high\" decoding=\"async\" width=\"1024\" height=\"576\" src=\"https:\/\/francanareal.com\/wp-content\/uploads\/2024\/06\/page-home-mural-com-borda-grossa-1024x576.png\" alt=\"\" class=\"wp-image-714\" style=\"width:635px;height:auto\"\/><\/figure>\n\n\n<p class=\"has-text-align-left\" style=\"text-align: justify;\">Ol\u00e1! Sou <strong>Ivana<\/strong>, uma brasileira nascida em Aracaju, que fez sua primeira viagem internacional rumo a Paris em 2015. Na Cidade Luz, fui arrebatada pelo charme irresist\u00edvel de suas ruas e pela magia que parecia flutuar no ar.<\/p>\n<p class=\"has-text-align-left\" style=\"text-align: justify;\">Por anos, sonhei em retornar a este lugar encantador, at\u00e9 que, em 2021, meu cora\u00e7\u00e3o foi novamente conquistado, desta vez por um franc\u00eas!<\/p>\n<p class=\"has-text-align-left\" style=\"text-align: justify;\">Finalmente, em 2023, munida de coragem e determina\u00e7\u00e3o, atravessei o oceano Atl\u00e2ntico para iniciar uma nova jornada ao lado do meu companheiro e da nossa filha franco-brasileira.<\/p>\n<p style=\"text-align: justify;\">Mas, ao pisar em solo franc\u00eas como residente, logo percebi que nem tudo s\u00e3o flores!!! A adapta\u00e7\u00e3o foi repleta de desafios. Lutei contra o <strong>frio <\/strong>cortante, <strong>estranhei a comida<\/strong> e <strong>encontrei dificuldade em fazer amizades<\/strong>, mesmo com outros brasileiros. A <strong>falta de uma rede de apoio<\/strong> tornou tudo ainda mais complicado, pois quem \u00e9 pai ou m\u00e3e sabe o quanto \u00e9 dif\u00edcil criar um beb\u00ea sem a fam\u00edlia ao lado.<\/p>\n<p>Diante de tudo que j\u00e1 vivenciei, decidi criar este blog n\u00e3o apenas para <strong>compartilhar minha experi\u00eancia<\/strong>, mas tamb\u00e9m para <strong>desmistificar a Fran\u00e7a<\/strong>. Al\u00e9m disso, cansei de ver muitos Youtubers ocultando o lado menos glamouroso deste pa\u00eds.<\/p>\n<p style=\"text-align: justify;\">Ao ler os artigos, saiba que assumi o compromisso com a verdade, doa a quem doer! O meu objetivo \u00e9 fornecer a voc\u00ea, meu leitor, um <strong>conte\u00fado de qualidade, atualizado e baseado em fontes oficiais.<\/strong><\/p>\n<p style=\"text-align: justify;\">Espero que goste do blog! Sinta-se \u00e0 vontade para fazer sugest\u00f5es, comentar e tirar suas d\u00favidas. Este espa\u00e7o \u00e9 seu, sinta-se em casa! \ud83d\ude09\u2764\ufe0f<\/p>\n\n\n<p>Cordialmente,<\/p>\n\n\n\n<p><strong><em>Ivana<\/em><\/strong>. \u00a0<\/p>\n\n\n\n<p><\/p>\n\n\n\n<p><\/p>\n","protected":false},"excerpt":{"rendered":"<p>Ol\u00e1! Sou Ivana, uma brasileira nascida em Aracaju, que fez sua primeira viagem internacional rumo a Paris em 2015. Na Cidade Luz, fui arrebatada pelo charme irresist\u00edvel de suas ruas e pela magia que parecia flutuar no ar. Por anos, sonhei em retornar a este lugar encantador, at\u00e9 que, em 2021, meu cora\u00e7\u00e3o foi novamente conquistado, desta vez por um franc\u00eas! Finalmente, em 2023, munida de coragem e determina\u00e7\u00e3o, atravessei o oceano Atl\u00e2ntico para iniciar uma nova jornada ao lado do meu companheiro e da nossa filha franco-brasileira. Mas, ao pisar em solo franc\u00eas como residente, logo percebi que nem tudo s\u00e3o flores!!! A adapta\u00e7\u00e3o foi repleta de desafios. Lutei contra o frio cortante, estranhei a comida e encontrei dificuldade em fazer amizades, mesmo com outros brasileiros. A falta de uma rede de apoio tornou tudo ainda mais complicado, pois quem \u00e9 pai ou m\u00e3e sabe o quanto \u00e9 dif\u00edcil criar um beb\u00ea sem a fam\u00edlia ao lado. Diante de tudo que j\u00e1 vivenciei, decidi criar este blog n\u00e3o apenas para compartilhar minha experi\u00eancia, mas tamb\u00e9m para desmistificar a Fran\u00e7a. Al\u00e9m disso, cansei de ver muitos Youtubers ocultando o lado menos glamouroso deste pa\u00eds. Ao ler os artigos, saiba que assumi o compromisso com a verdade, doa a quem doer! O meu objetivo \u00e9 fornecer a voc\u00ea, meu leitor, um conte\u00fado de qualidade, atualizado e baseado em fontes oficiais. Espero que goste do blog! Sinta-se \u00e0 vontade para fazer sugest\u00f5es, comentar e tirar suas d\u00favidas. Este espa\u00e7o \u00e9 seu, sinta-se em casa! \ud83d\ude09\u2764\ufe0f Cordialmente, Ivana. \u00a0<\/p>\n","protected":false},"author":1,"featured_media":0,"parent":0,"menu_order":0,"comment_status":"closed","ping_status":"closed","template":"","meta":{"site-sidebar-layout":"default","site-content-layout":"","ast-site-content-layout":"default","site-content-style":"default","site-sidebar-style":"default","ast-global-header-display":"","ast-banner-title-visibility":"","ast-main-header-display":"","ast-hfb-above-header-display":"","ast-hfb-below-header-display":"","ast-hfb-mobile-header-display":"","site-post-title":"","ast-breadcrumbs-content":"","ast-featured-img":"","footer-sml-layout":"","ast-disable-related-posts":"","theme-transparent-header-meta":"","adv-header-id-meta":"","stick-header-meta":"","header-above-stick-meta":"","header-main-stick-meta":"","header-below-stick-meta":"","astra-migrate-meta-layouts":"default","ast-page-background-enabled":"default","ast-page-background-meta":{"desktop":{"background-color":"var(--ast-global-color-4)","background-image":"","background-repeat":"repeat","background-position":"center center","background-size":"auto","background-attachment":"scroll","background-type":"","background-media":"","overlay-type":"","overlay-color":"","overlay-opacity":"","overlay-gradient":""},"tablet":{"background-color":"","background-image":"","background-repeat":"repeat","background-position":"center center","background-size":"auto","background-attachment":"scroll","background-type":"","background-media":"","overlay-type":"","overlay-color":"","overlay-opacity":"","overlay-gradient":""},"mobile":{"background-color":"","background-image":"","background-repeat":"repeat","background-position":"center center","background-size":"auto","background-attachment":"scroll","background-type":"","background-media":"","overlay-type":"","overlay-color":"","overlay-opacity":"","overlay-gradient":""}},"ast-content-background-meta":{"desktop":{"background-color":"var(--ast-global-color-5)","background-image":"","background-repeat":"repeat","background-position":"center center","background-size":"auto","background-attachment":"scroll","background-type":"","background-media":"","overlay-type":"","overlay-color":"","overlay-opacity":"","overlay-gradient":""},"tablet":{"background-color":"var(--ast-global-color-5)","background-image":"","background-repeat":"repeat","background-position":"center center","background-size":"auto","background-attachment":"scroll","background-type":"","background-media":"","overlay-type":"","overlay-color":"","overlay-opacity":"","overlay-gradient":""},"mobile":{"background-color":"var(--ast-global-color-5)","background-image":"","background-repeat":"repeat","background-position":"center center","background-size":"auto","background-attachment":"scroll","background-type":"","background-media":"","overlay-type":"","overlay-color":"","overlay-opacity":"","overlay-gradient":""}},"footnotes":""},"class_list":["post-65","page","type-page","status-publish","hentry"],"yoast_head":"<!-- This site is optimized with the Yoast SEO plugin v27.3 - https:\/\/yoast.com\/product\/yoast-seo-wordpress\/ -->\n<title>Sobre a autora -<\/title>\n<meta name=\"robots\" content=\"index, follow, max-snippet:-1, max-image-preview:large, max-video-preview:-1\" \/>\n<link rel=\"canonical\" href=\"https:\/\/francanareal.com\/index.php\/sobre-a-autora\/\" \/>\n<meta property=\"og:locale\" content=\"pt_BR\" \/>\n<meta property=\"og:type\" content=\"article\" \/>\n<meta property=\"og:title\" content=\"Sobre a autora -\" \/>\n<meta property=\"og:description\" content=\"Ol\u00e1! Sou Ivana, uma brasileira nascida em Aracaju, que fez sua primeira viagem internacional rumo a Paris em 2015. Na Cidade Luz, fui arrebatada pelo charme irresist\u00edvel de suas ruas e pela magia que parecia flutuar no ar. Por anos, sonhei em retornar a este lugar encantador, at\u00e9 que, em 2021, meu cora\u00e7\u00e3o foi novamente conquistado, desta vez por um franc\u00eas! Finalmente, em 2023, munida de coragem e determina\u00e7\u00e3o, atravessei o oceano Atl\u00e2ntico para iniciar uma nova jornada ao lado do meu companheiro e da nossa filha franco-brasileira. Mas, ao pisar em solo franc\u00eas como residente, logo percebi que nem tudo s\u00e3o flores!!! A adapta\u00e7\u00e3o foi repleta de desafios. Lutei contra o frio cortante, estranhei a comida e encontrei dificuldade em fazer amizades, mesmo com outros brasileiros. A falta de uma rede de apoio tornou tudo ainda mais complicado, pois quem \u00e9 pai ou m\u00e3e sabe o quanto \u00e9 dif\u00edcil criar um beb\u00ea sem a fam\u00edlia ao lado. Diante de tudo que j\u00e1 vivenciei, decidi criar este blog n\u00e3o apenas para compartilhar minha experi\u00eancia, mas tamb\u00e9m para desmistificar a Fran\u00e7a. Al\u00e9m disso, cansei de ver muitos Youtubers ocultando o lado menos glamouroso deste pa\u00eds. Ao ler os artigos, saiba que assumi o compromisso com a verdade, doa a quem doer! O meu objetivo \u00e9 fornecer a voc\u00ea, meu leitor, um conte\u00fado de qualidade, atualizado e baseado em fontes oficiais. Espero que goste do blog! Sinta-se \u00e0 vontade para fazer sugest\u00f5es, comentar e tirar suas d\u00favidas. Este espa\u00e7o \u00e9 seu, sinta-se em casa! \ud83d\ude09\u2764\ufe0f Cordialmente, Ivana. \u00a0\" \/>\n<meta property=\"og:url\" content=\"https:\/\/francanareal.com\/index.php\/sobre-a-autora\/\" \/>\n<meta property=\"article:modified_time\" content=\"2024-07-18T20:05:47+00:00\" \/>\n<meta property=\"og:image\" content=\"https:\/\/francanareal.com\/wp-content\/uploads\/2024\/06\/page-home-mural-com-borda-grossa-1024x576.png\" \/>\n<meta name=\"twitter:card\" content=\"summary_large_image\" \/>\n<meta name=\"twitter:label1\" content=\"Est. tempo de leitura\" \/>\n\t<meta name=\"twitter:data1\" content=\"2 minutos\" \/>\n<script type=\"application\/ld+json\" class=\"yoast-schema-graph\">{\"@context\":\"https:\\\/\\\/schema.org\",\"@graph\":[{\"@type\":\"WebPage\",\"@id\":\"https:\\\/\\\/francanareal.com\\\/index.php\\\/sobre-a-autora\\\/\",\"url\":\"https:\\\/\\\/francanareal.com\\\/index.php\\\/sobre-a-autora\\\/\",\"name\":\"Sobre a autora -\",\"isPartOf\":{\"@id\":\"https:\\\/\\\/francanareal.com\\\/#website\"},\"primaryImageOfPage\":{\"@id\":\"https:\\\/\\\/francanareal.com\\\/index.php\\\/sobre-a-autora\\\/#primaryimage\"},\"image\":{\"@id\":\"https:\\\/\\\/francanareal.com\\\/index.php\\\/sobre-a-autora\\\/#primaryimage\"},\"thumbnailUrl\":\"https:\\\/\\\/francanareal.com\\\/wp-content\\\/uploads\\\/2024\\\/06\\\/page-home-mural-com-borda-grossa-1024x576.png\",\"datePublished\":\"2024-01-05T07:41:47+00:00\",\"dateModified\":\"2024-07-18T20:05:47+00:00\",\"breadcrumb\":{\"@id\":\"https:\\\/\\\/francanareal.com\\\/index.php\\\/sobre-a-autora\\\/#breadcrumb\"},\"inLanguage\":\"pt-BR\",\"potentialAction\":[{\"@type\":\"ReadAction\",\"target\":[\"https:\\\/\\\/francanareal.com\\\/index.php\\\/sobre-a-autora\\\/\"]}]},{\"@type\":\"ImageObject\",\"inLanguage\":\"pt-BR\",\"@id\":\"https:\\\/\\\/francanareal.com\\\/index.php\\\/sobre-a-autora\\\/#primaryimage\",\"url\":\"https:\\\/\\\/francanareal.com\\\/wp-content\\\/uploads\\\/2024\\\/06\\\/page-home-mural-com-borda-grossa-e1718186329103.png\",\"contentUrl\":\"https:\\\/\\\/francanareal.com\\\/wp-content\\\/uploads\\\/2024\\\/06\\\/page-home-mural-com-borda-grossa-e1718186329103.png\",\"width\":520,\"height\":293},{\"@type\":\"BreadcrumbList\",\"@id\":\"https:\\\/\\\/francanareal.com\\\/index.php\\\/sobre-a-autora\\\/#breadcrumb\",\"itemListElement\":[{\"@type\":\"ListItem\",\"position\":1,\"name\":\"In\u00edcio\",\"item\":\"https:\\\/\\\/francanareal.com\\\/\"},{\"@type\":\"ListItem\",\"position\":2,\"name\":\"Sobre a autora\"}]},{\"@type\":\"WebSite\",\"@id\":\"https:\\\/\\\/francanareal.com\\\/#website\",\"url\":\"https:\\\/\\\/francanareal.com\\\/\",\"name\":\"\",\"description\":\"\",\"potentialAction\":[{\"@type\":\"SearchAction\",\"target\":{\"@type\":\"EntryPoint\",\"urlTemplate\":\"https:\\\/\\\/francanareal.com\\\/?s={search_term_string}\"},\"query-input\":{\"@type\":\"PropertyValueSpecification\",\"valueRequired\":true,\"valueName\":\"search_term_string\"}}],\"inLanguage\":\"pt-BR\"}]}<\/script>\n<!-- \/ Yoast SEO plugin. -->","yoast_head_json":{"title":"Sobre a autora -","robots":{"index":"index","follow":"follow","max-snippet":"max-snippet:-1","max-image-preview":"max-image-preview:large","max-video-preview":"max-video-preview:-1"},"canonical":"https:\/\/francanareal.com\/index.php\/sobre-a-autora\/","og_locale":"pt_BR","og_type":"article","og_title":"Sobre a autora -","og_description":"Ol\u00e1! Sou Ivana, uma brasileira nascida em Aracaju, que fez sua primeira viagem internacional rumo a Paris em 2015. Na Cidade Luz, fui arrebatada pelo charme irresist\u00edvel de suas ruas e pela magia que parecia flutuar no ar. Por anos, sonhei em retornar a este lugar encantador, at\u00e9 que, em 2021, meu cora\u00e7\u00e3o foi novamente conquistado, desta vez por um franc\u00eas! Finalmente, em 2023, munida de coragem e determina\u00e7\u00e3o, atravessei o oceano Atl\u00e2ntico para iniciar uma nova jornada ao lado do meu companheiro e da nossa filha franco-brasileira. Mas, ao pisar em solo franc\u00eas como residente, logo percebi que nem tudo s\u00e3o flores!!! A adapta\u00e7\u00e3o foi repleta de desafios. Lutei contra o frio cortante, estranhei a comida e encontrei dificuldade em fazer amizades, mesmo com outros brasileiros. A falta de uma rede de apoio tornou tudo ainda mais complicado, pois quem \u00e9 pai ou m\u00e3e sabe o quanto \u00e9 dif\u00edcil criar um beb\u00ea sem a fam\u00edlia ao lado. Diante de tudo que j\u00e1 vivenciei, decidi criar este blog n\u00e3o apenas para compartilhar minha experi\u00eancia, mas tamb\u00e9m para desmistificar a Fran\u00e7a. Al\u00e9m disso, cansei de ver muitos Youtubers ocultando o lado menos glamouroso deste pa\u00eds. Ao ler os artigos, saiba que assumi o compromisso com a verdade, doa a quem doer! O meu objetivo \u00e9 fornecer a voc\u00ea, meu leitor, um conte\u00fado de qualidade, atualizado e baseado em fontes oficiais. Espero que goste do blog! Sinta-se \u00e0 vontade para fazer sugest\u00f5es, comentar e tirar suas d\u00favidas. Este espa\u00e7o \u00e9 seu, sinta-se em casa! \ud83d\ude09\u2764\ufe0f Cordialmente, Ivana. \u00a0","og_url":"https:\/\/francanareal.com\/index.php\/sobre-a-autora\/","article_modified_time":"2024-07-18T20:05:47+00:00","og_image":[{"url":"https:\/\/francanareal.com\/wp-content\/uploads\/2024\/06\/page-home-mural-com-borda-grossa-1024x576.png","type":"","width":"","height":""}],"twitter_card":"summary_large_image","twitter_misc":{"Est. tempo de leitura":"2 minutos"},"schema":{"@context":"https:\/\/schema.org","@graph":[{"@type":"WebPage","@id":"https:\/\/francanareal.com\/index.php\/sobre-a-autora\/","url":"https:\/\/francanareal.com\/index.php\/sobre-a-autora\/","name":"Sobre a autora -","isPartOf":{"@id":"https:\/\/francanareal.com\/#website"},"primaryImageOfPage":{"@id":"https:\/\/francanareal.com\/index.php\/sobre-a-autora\/#primaryimage"},"image":{"@id":"https:\/\/francanareal.com\/index.php\/sobre-a-autora\/#primaryimage"},"thumbnailUrl":"https:\/\/francanareal.com\/wp-content\/uploads\/2024\/06\/page-home-mural-com-borda-grossa-1024x576.png","datePublished":"2024-01-05T07:41:47+00:00","dateModified":"2024-07-18T20:05:47+00:00","breadcrumb":{"@id":"https:\/\/francanareal.com\/index.php\/sobre-a-autora\/#breadcrumb"},"inLanguage":"pt-BR","potentialAction":[{"@type":"ReadAction","target":["https:\/\/francanareal.com\/index.php\/sobre-a-autora\/"]}]},{"@type":"ImageObject","inLanguage":"pt-BR","@id":"https:\/\/francanareal.com\/index.php\/sobre-a-autora\/#primaryimage","url":"https:\/\/francanareal.com\/wp-content\/uploads\/2024\/06\/page-home-mural-com-borda-grossa-e1718186329103.png","contentUrl":"https:\/\/francanareal.com\/wp-content\/uploads\/2024\/06\/page-home-mural-com-borda-grossa-e1718186329103.png","width":520,"height":293},{"@type":"BreadcrumbList","@id":"https:\/\/francanareal.com\/index.php\/sobre-a-autora\/#breadcrumb","itemListElement":[{"@type":"ListItem","position":1,"name":"In\u00edcio","item":"https:\/\/francanareal.com\/"},{"@type":"ListItem","position":2,"name":"Sobre a autora"}]},{"@type":"WebSite","@id":"https:\/\/francanareal.com\/#website","url":"https:\/\/francanareal.com\/","name":"","description":"","potentialAction":[{"@type":"SearchAction","target":{"@type":"EntryPoint","urlTemplate":"https:\/\/francanareal.com\/?s={search_term_string}"},"query-input":{"@type":"PropertyValueSpecification","valueRequired":true,"valueName":"search_term_string"}}],"inLanguage":"pt-BR"}]}},"rttpg_featured_image_url":null,"rttpg_author":{"display_name":"Ivana","author_link":"https:\/\/francanareal.com\/index.php\/author\/francanareal-com\/"},"rttpg_comment":0,"rttpg_category":null,"rttpg_excerpt":"Ol\u00e1! Sou Ivana, uma brasileira nascida em Aracaju, que fez sua primeira viagem internacional rumo a Paris em 2015. Na Cidade Luz, fui arrebatada pelo charme irresist\u00edvel de suas ruas e pela magia que parecia flutuar no ar. Por anos, sonhei em retornar a este lugar encantador, at\u00e9 que, em 2021, meu cora\u00e7\u00e3o foi novamente&hellip;","_links":{"self":[{"href":"https:\/\/francanareal.com\/index.php\/wp-json\/wp\/v2\/pages\/65","targetHints":{"allow":["GET"]}}],"collection":[{"href":"https:\/\/francanareal.com\/index.php\/wp-json\/wp\/v2\/pages"}],"about":[{"href":"https:\/\/francanareal.com\/index.php\/wp-json\/wp\/v2\/types\/page"}],"author":[{"embeddable":true,"href":"https:\/\/francanareal.com\/index.php\/wp-json\/wp\/v2\/users\/1"}],"replies":[{"embeddable":true,"href":"https:\/\/francanareal.com\/index.php\/wp-json\/wp\/v2\/comments?post=65"}],"version-history":[{"count":2,"href":"https:\/\/francanareal.com\/index.php\/wp-json\/wp\/v2\/pages\/65\/revisions"}],"predecessor-version":[{"id":1170,"href":"https:\/\/francanareal.com\/index.php\/wp-json\/wp\/v2\/pages\/65\/revisions\/1170"}],"wp:attachment":[{"href":"https:\/\/francanareal.com\/index.php\/wp-json\/wp\/v2\/media?parent=65"}],"curies":[{"name":"wp","href":"https:\/\/api.w.org\/{rel}","templated":true}]}}